{"id":76,"date":"2019-05-02T09:28:32","date_gmt":"2019-05-02T07:28:32","guid":{"rendered":"http:\/\/mgradio.se\/sa4bwm\/?page_id=76"},"modified":"2020-05-21T19:11:09","modified_gmt":"2020-05-21T17:11:09","slug":"valkommen-till","status":"publish","type":"page","link":"http:\/\/mgradio.se\/sa4bwm\/","title":{"rendered":"V\u00e4lkommen till"},"content":{"rendered":"\n<figure class=\"wp-block-image\"><img loading=\"lazy\" decoding=\"async\" width=\"913\" height=\"300\" src=\"http:\/\/mgradio.se\/sa4bwm\/wp-content\/uploads\/2019\/05\/sa4bwm-logo.jpg\" alt=\"\" class=\"wp-image-67\" srcset=\"http:\/\/mgradio.se\/sa4bwm\/wp-content\/uploads\/2019\/05\/sa4bwm-logo.jpg 913w, http:\/\/mgradio.se\/sa4bwm\/wp-content\/uploads\/2019\/05\/sa4bwm-logo-300x99.jpg 300w, http:\/\/mgradio.se\/sa4bwm\/wp-content\/uploads\/2019\/05\/sa4bwm-logo-768x252.jpg 768w\" sizes=\"auto, (max-width: 706px) 89vw, (max-width: 767px) 82vw, 740px\" \/><\/figure>\n\n\n\n<p>V\u00e4lkommen till SA4BWMs lilla sida. H\u00e4r kommer finnas lite av varje.<br>F\u00f6r info &amp; bilder om mina radiostationer h\u00e4nvisar jag dig till min sida p\u00e5 <a href=\"https:\/\/www.qrz.com\/db\/SA4BWM\">qrz.com<\/a><br><br>For info about my hamradio station, pleace visit my page on <a href=\"https:\/\/www.qrz.com\/db\/SA4BWM\">qrz.com<\/a><\/p>\n","protected":false},"excerpt":{"rendered":"<p>V\u00e4lkommen till SA4BWMs lilla sida. H\u00e4r kommer finnas lite av varje.F\u00f6r info &amp; bilder om mina radiostationer h\u00e4nvisar jag dig till min sida p\u00e5 qrz.com For info about my hamradio station, pleace visit my page on qrz.com<\/p>\n","protected":false},"author":1,"featured_media":0,"parent":0,"menu_order":0,"comment_status":"closed","ping_status":"closed","template":"","meta":{"footnotes":""},"class_list":["post-76","page","type-page","status-publish","hentry"],"_links":{"self":[{"href":"http:\/\/mgradio.se\/sa4bwm\/wp-json\/wp\/v2\/pages\/76","targetHints":{"allow":["GET"]}}],"collection":[{"href":"http:\/\/mgradio.se\/sa4bwm\/wp-json\/wp\/v2\/pages"}],"about":[{"href":"http:\/\/mgradio.se\/sa4bwm\/wp-json\/wp\/v2\/types\/page"}],"author":[{"embeddable":true,"href":"http:\/\/mgradio.se\/sa4bwm\/wp-json\/wp\/v2\/users\/1"}],"replies":[{"embeddable":true,"href":"http:\/\/mgradio.se\/sa4bwm\/wp-json\/wp\/v2\/comments?post=76"}],"version-history":[{"count":2,"href":"http:\/\/mgradio.se\/sa4bwm\/wp-json\/wp\/v2\/pages\/76\/revisions"}],"predecessor-version":[{"id":247,"href":"http:\/\/mgradio.se\/sa4bwm\/wp-json\/wp\/v2\/pages\/76\/revisions\/247"}],"wp:attachment":[{"href":"http:\/\/mgradio.se\/sa4bwm\/wp-json\/wp\/v2\/media?parent=76"}],"curies":[{"name":"wp","href":"https:\/\/api.w.org\/{rel}","templated":true}]}}