{"id":752,"date":"2025-10-26T10:20:58","date_gmt":"2025-10-26T09:20:58","guid":{"rendered":"http:\/\/mgradio.se\/sa4bwm\/?page_id=752"},"modified":"2025-10-26T10:22:22","modified_gmt":"2025-10-26T09:22:22","slug":"saljes-69mhz-rikt","status":"publish","type":"page","link":"http:\/\/mgradio.se\/sa4bwm\/saljes-69mhz-rikt\/","title":{"rendered":"S\u00e4ljes: 69MHz rikt"},"content":{"rendered":"\n<p class=\"has-text-align-left\"><br>3-el riktantenn till 69MHz<\/p>\n\n\n\n<p class=\"has-text-align-left\">Modell: Sirio SY 68-3 68-78Mhz<\/p>\n\n\n\n<p><strong>Pris:  1000:- <\/strong> eller bud<br>OBS, h\u00e4mtas i Borl\u00e4nge. Skickas INTE<\/p>\n\n\n\n<p>L\u00e4nk till <a href=\"https:\/\/butik.limmared.nu\/sv\/riktantenner\/2931-sirio-sy-68-3-3-element-yagi-68-78mhz.html\">Limmared<\/a> f\u00f6r info.<\/p>\n\n\n<div class=\"wp-block-image\">\n<figure class=\"alignleft size-full\"><img loading=\"lazy\" decoding=\"async\" width=\"344\" height=\"344\" src=\"http:\/\/mgradio.se\/sa4bwm\/wp-content\/uploads\/2025\/10\/rikt69.jpg\" alt=\"\" class=\"wp-image-754\"\/><\/figure>\n<\/div>\n\n\n<p><\/p>\n","protected":false},"excerpt":{"rendered":"<p>3-el riktantenn till 69MHz Modell: Sirio SY 68-3 68-78Mhz Pris: 1000:- eller budOBS, h\u00e4mtas i Borl\u00e4nge. Skickas INTE L\u00e4nk till Limmared f\u00f6r info.<\/p>\n","protected":false},"author":1,"featured_media":0,"parent":0,"menu_order":0,"comment_status":"closed","ping_status":"closed","template":"","meta":{"footnotes":""},"class_list":["post-752","page","type-page","status-publish","hentry"],"_links":{"self":[{"href":"http:\/\/mgradio.se\/sa4bwm\/wp-json\/wp\/v2\/pages\/752","targetHints":{"allow":["GET"]}}],"collection":[{"href":"http:\/\/mgradio.se\/sa4bwm\/wp-json\/wp\/v2\/pages"}],"about":[{"href":"http:\/\/mgradio.se\/sa4bwm\/wp-json\/wp\/v2\/types\/page"}],"author":[{"embeddable":true,"href":"http:\/\/mgradio.se\/sa4bwm\/wp-json\/wp\/v2\/users\/1"}],"replies":[{"embeddable":true,"href":"http:\/\/mgradio.se\/sa4bwm\/wp-json\/wp\/v2\/comments?post=752"}],"version-history":[{"count":2,"href":"http:\/\/mgradio.se\/sa4bwm\/wp-json\/wp\/v2\/pages\/752\/revisions"}],"predecessor-version":[{"id":757,"href":"http:\/\/mgradio.se\/sa4bwm\/wp-json\/wp\/v2\/pages\/752\/revisions\/757"}],"wp:attachment":[{"href":"http:\/\/mgradio.se\/sa4bwm\/wp-json\/wp\/v2\/media?parent=752"}],"curies":[{"name":"wp","href":"https:\/\/api.w.org\/{rel}","templated":true}]}}