{"id":583,"date":"2024-02-23T11:58:11","date_gmt":"2024-02-23T10:58:11","guid":{"rendered":"http:\/\/mgradio.se\/sa4bwm\/?page_id=583"},"modified":"2025-09-21T16:23:29","modified_gmt":"2025-09-21T14:23:29","slug":"anytone-578","status":"publish","type":"page","link":"http:\/\/mgradio.se\/sa4bwm\/anytone-578\/","title":{"rendered":"Anytone D578UV CCIR &amp; BT-01"},"content":{"rendered":"\n<p class=\"has-black-color has-text-color\"><strong>Anytone D578UV (b\u00e5de v1 &amp; v2) CCIR &amp; BT-01<\/strong> <br><br>Info om CCIR &amp; BT-01 Bluetooth.<br><br>I dom nyare FW till 578 s\u00e5 fungerar inte CCIR korrekt.<br>Den skickar fel nummer &amp; den kan inte avkoda korrekt.<\/p>\n\n\n\n<p class=\"has-black-color has-text-color\">Men i de \u00e4ldre versionerna 1.16 i D578UV &amp; 2.02? i D578UVII PLUS fungerar det som det okej.<br>Inst\u00e4llningar f\u00f6r CCIR g\u00f6rs i fliken 5Tone Setting som finns under Analog i CPS.<br>Mycket fungerar inte som det borde g\u00f6ra, men v\u00e4lj CCIR1 &amp; \u00e4ndra till 700 i &#8221;First Tone Lengh(ms)&#8221;<\/p>\n\n\n\n<p class=\"has-black-color has-text-color\">N\u00e4mnv\u00e4rt \u00e4r en bugg som verkar finnas i alla versioner av b\u00e4gge radiomodellerna.<br>\u00c4r att n\u00e4r man aktiverar ccir p\u00e5 viss kanal, s\u00e5 kommer rutan &#8221;End Call&#8221; alltid upp n\u00e4r man sl\u00e4pper PTT, vilket \u00e4r v\u00e4ldigt st\u00f6rande.<br>Denna ruta kommer upp \u00e4ven fast &#8221;Call End Promt Box&#8221; \u00e4r avst\u00e4ngt i CPS. Rutan kommer allts\u00e5 bara p\u00e5 de kanaler du har CCIR aktiverat.<\/p>\n\n\n\n<p class=\"has-black-color has-text-color\">Tex. om du f\u00e5r ett CCIR anrop till ditt id &amp; har aktiverat att din radio ska svara med svarston.<br>D\u00e5 kommer ovan n\u00e4mnda ruta upp &amp; infon att du f\u00e5tt ett anrop f\u00f6rsvinner\u2026<\/p>\n\n\n\n<p class=\"has-black-color has-text-color\">Vill man sen anv\u00e4nda Bl\u00e5tandsmicken BT01, s\u00e5 kr\u00e4ver den nyare FW &amp; d\u00e5 funkar inte CCIR. Bara v\u00e4lja CCIR eller BT01 micken.<br>Jag provade anv\u00e4nde micken till \u00e4ldre FW, men d\u00e5 gick det inte att byta kanal, zoner mm.<br><br><\/p>\n\n\n\n<hr class=\"wp-block-separator has-alpha-channel-opacity\"\/>\n\n\n\n<p class=\"has-black-color has-text-color\"><strong>Mickgain tips till BT-01 micken<\/strong>.<br>Det finns 2 st\u00e4llen i radion att st\u00e4lla micgain.<br>I inst\u00e4llningar finns micgain. 1-5 med v\u00e4ldigt liten skillnad mellan 1 &amp; 5<br>I Bluetooth finns en meny som heter H+BT mickgain. <br>D\u00e4r \u00f6kas mickgain som det ska.<br><\/p>\n\n\n\n<hr class=\"wp-block-separator has-alpha-channel-opacity\"\/>\n\n\n\n<p class=\"has-black-color has-text-color\"><strong>H\u00e5llare till BT-01<\/strong> (<strong>3D print<\/strong>)<\/p>\n\n\n\n<p class=\"has-black-color has-text-color\">En h\u00e5llare f\u00f6r BT-01 finns att ladda ner h\u00e4r. <br><a href=\"https:\/\/www.thingiverse.com\/thing:5937646\" target=\"_blank\" rel=\"noreferrer noopener\">https:\/\/www.thingiverse.com\/thing:5937646<\/a><br><\/p>\n","protected":false},"excerpt":{"rendered":"<p>Anytone D578UV (b\u00e5de v1 &amp; v2) CCIR &amp; BT-01 Info om CCIR &amp; BT-01 Bluetooth. I dom nyare FW till 578 s\u00e5 fungerar inte CCIR korrekt.Den skickar fel nummer &amp; den kan inte avkoda korrekt. Men i de \u00e4ldre versionerna 1.16 i D578UV &amp; 2.02? i D578UVII PLUS fungerar det som det okej.Inst\u00e4llningar f\u00f6r CCIR &hellip; <\/p>\n<p class=\"link-more\"><a href=\"http:\/\/mgradio.se\/sa4bwm\/anytone-578\/\" class=\"more-link\">Forts\u00e4tt l\u00e4sa<span class=\"screen-reader-text\"> &#8221;Anytone D578UV CCIR &amp; BT-01&#8221;<\/span><\/a><\/p>\n","protected":false},"author":1,"featured_media":0,"parent":0,"menu_order":0,"comment_status":"closed","ping_status":"closed","template":"","meta":{"footnotes":""},"class_list":["post-583","page","type-page","status-publish","hentry"],"_links":{"self":[{"href":"http:\/\/mgradio.se\/sa4bwm\/wp-json\/wp\/v2\/pages\/583","targetHints":{"allow":["GET"]}}],"collection":[{"href":"http:\/\/mgradio.se\/sa4bwm\/wp-json\/wp\/v2\/pages"}],"about":[{"href":"http:\/\/mgradio.se\/sa4bwm\/wp-json\/wp\/v2\/types\/page"}],"author":[{"embeddable":true,"href":"http:\/\/mgradio.se\/sa4bwm\/wp-json\/wp\/v2\/users\/1"}],"replies":[{"embeddable":true,"href":"http:\/\/mgradio.se\/sa4bwm\/wp-json\/wp\/v2\/comments?post=583"}],"version-history":[{"count":12,"href":"http:\/\/mgradio.se\/sa4bwm\/wp-json\/wp\/v2\/pages\/583\/revisions"}],"predecessor-version":[{"id":719,"href":"http:\/\/mgradio.se\/sa4bwm\/wp-json\/wp\/v2\/pages\/583\/revisions\/719"}],"wp:attachment":[{"href":"http:\/\/mgradio.se\/sa4bwm\/wp-json\/wp\/v2\/media?parent=583"}],"curies":[{"name":"wp","href":"https:\/\/api.w.org\/{rel}","templated":true}]}}