{"id":253,"date":"2020-05-23T11:44:28","date_gmt":"2020-05-23T09:44:28","guid":{"rendered":"http:\/\/mgradio.se\/sa4bwm\/?page_id=253"},"modified":"2024-02-23T12:37:58","modified_gmt":"2024-02-23T11:37:58","slug":"berg","status":"publish","type":"page","link":"http:\/\/mgradio.se\/sa4bwm\/berg\/","title":{"rendered":"H\u00f6ga platser i &#038; kring Dalarna"},"content":{"rendered":"\n<p class=\"has-black-color has-text-color\"><strong>F\u00f6rklaringar<\/strong><br>BVU = Bilv\u00e4g Upp.<br>VU = V\u00e4g Upp,  dock rekomenderas suv eller offroad<br><br>F= f\u00f6rbudskylt mot fordonstrafik kan finnas.<br>VU-N ingen v\u00e4g<br>IU- Ingen Uppgift. Jag vet inte om det finns v\u00e4g eller inte.<\/p>\n\n\n\n<p class=\"has-vivid-red-color has-text-color\"><strong>Sidan \u00e4r under uppbyggnad&#8230;<\/strong> <\/p>\n\n\n\n<hr class=\"wp-block-separator has-alpha-channel-opacity\"\/>\n\n\n\n<p><strong>R\u00f6s\u00e5sen<\/strong>, Borl\u00e4nge. 291m + 17m torn. Fri sikt \u00e5t alla v\u00e4derstreck. BVUF<\/p>\n\n\n\n<figure class=\"wp-block-image size-large\"><img decoding=\"async\" src=\"https:\/\/images.citybreakcdn.com\/image.aspx?ImageId=6318530&amp;fitaspect=1&amp;height=800\" alt=\"\"\/><\/figure>\n\n\n\n<figure class=\"wp-block-image size-large\"><img decoding=\"async\" src=\"https:\/\/images.citybreakcdn.com\/image.aspx?ImageId=4229434&amp;fitaspect=1&amp;height=800\" alt=\"\"\/><\/figure>\n\n\n\n<hr class=\"wp-block-separator has-alpha-channel-opacity\"\/>\n\n\n\n<p><strong>Kungsh\u00f6gsh\u00e4llarna<\/strong>, G\u00e4vleborgsl\u00e4n (ca 1 mil fr\u00e5n Horndal)  IU<\/p>\n\n\n\n<figure class=\"wp-block-image size-large\"><img loading=\"lazy\" decoding=\"async\" width=\"681\" height=\"1024\" src=\"http:\/\/mgradio.se\/sa4bwm\/wp-content\/uploads\/2020\/05\/Kung-681x1024.jpg\" alt=\"\" class=\"wp-image-255\" srcset=\"http:\/\/mgradio.se\/sa4bwm\/wp-content\/uploads\/2020\/05\/Kung-681x1024.jpg 681w, http:\/\/mgradio.se\/sa4bwm\/wp-content\/uploads\/2020\/05\/Kung-200x300.jpg 200w, http:\/\/mgradio.se\/sa4bwm\/wp-content\/uploads\/2020\/05\/Kung-768x1155.jpg 768w, http:\/\/mgradio.se\/sa4bwm\/wp-content\/uploads\/2020\/05\/Kung-1022x1536.jpg 1022w, http:\/\/mgradio.se\/sa4bwm\/wp-content\/uploads\/2020\/05\/Kung.jpg 1362w\" sizes=\"auto, (max-width: 681px) 100vw, 681px\" \/><\/figure>\n\n\n\n<figure class=\"wp-block-image size-large\"><img loading=\"lazy\" decoding=\"async\" width=\"1024\" height=\"570\" src=\"http:\/\/mgradio.se\/sa4bwm\/wp-content\/uploads\/2020\/05\/Kung2-1024x570.jpg\" alt=\"\" class=\"wp-image-256\" srcset=\"http:\/\/mgradio.se\/sa4bwm\/wp-content\/uploads\/2020\/05\/Kung2-1024x570.jpg 1024w, http:\/\/mgradio.se\/sa4bwm\/wp-content\/uploads\/2020\/05\/Kung2-300x167.jpg 300w, http:\/\/mgradio.se\/sa4bwm\/wp-content\/uploads\/2020\/05\/Kung2-768x427.jpg 768w, http:\/\/mgradio.se\/sa4bwm\/wp-content\/uploads\/2020\/05\/Kung2-1536x854.jpg 1536w, http:\/\/mgradio.se\/sa4bwm\/wp-content\/uploads\/2020\/05\/Kung2.jpg 2048w\" sizes=\"auto, (max-width: 706px) 89vw, (max-width: 767px) 82vw, 740px\" \/><\/figure>\n\n\n\n<hr class=\"wp-block-separator has-alpha-channel-opacity\"\/>\n\n\n\n<p><strong>Uvberget <\/strong>Smedjebacken &#8211; <a rel=\"noreferrer noopener\" href=\"https:\/\/www.hitta.se\/kartan!~60.14885,15.41981,13.32024848568524z\/tr!i=llbNAKKe\/search!q=Uvberget!b=60.13555:15.35382,60.16214:15.48581!sg=true!t=combined\/geocode!l=60.15928:15.40043\/tileLayer!l=1?usergeo=1\" target=\"_blank\">karta<\/a> BVU<\/p>\n\n\n\n<figure class=\"wp-block-image size-large\"><img loading=\"lazy\" decoding=\"async\" width=\"1024\" height=\"681\" src=\"http:\/\/mgradio.se\/sa4bwm\/wp-content\/uploads\/2020\/05\/smedjebacken-1024x681.jpg\" alt=\"\" class=\"wp-image-257\" srcset=\"http:\/\/mgradio.se\/sa4bwm\/wp-content\/uploads\/2020\/05\/smedjebacken-1024x681.jpg 1024w, http:\/\/mgradio.se\/sa4bwm\/wp-content\/uploads\/2020\/05\/smedjebacken-300x200.jpg 300w, http:\/\/mgradio.se\/sa4bwm\/wp-content\/uploads\/2020\/05\/smedjebacken-768x511.jpg 768w, http:\/\/mgradio.se\/sa4bwm\/wp-content\/uploads\/2020\/05\/smedjebacken-1536x1022.jpg 1536w, http:\/\/mgradio.se\/sa4bwm\/wp-content\/uploads\/2020\/05\/smedjebacken.jpg 2048w\" sizes=\"auto, (max-width: 706px) 89vw, (max-width: 767px) 82vw, 740px\" \/><\/figure>\n\n\n\n<hr class=\"wp-block-separator has-alpha-channel-opacity\"\/>\n\n\n\n<p><strong>S\u00f6dra V\u00e5lberget<\/strong> Bingsj\u00f6- <a href=\"https:\/\/www.trailforks.com\/poi\/16333\/\">Info<\/a> IU<\/p>\n\n\n\n<figure class=\"wp-block-image size-large\"><img loading=\"lazy\" decoding=\"async\" width=\"768\" height=\"1024\" src=\"http:\/\/mgradio.se\/sa4bwm\/wp-content\/uploads\/2020\/05\/bing-768x1024.jpg\" alt=\"\" class=\"wp-image-258\" srcset=\"http:\/\/mgradio.se\/sa4bwm\/wp-content\/uploads\/2020\/05\/bing-768x1024.jpg 768w, http:\/\/mgradio.se\/sa4bwm\/wp-content\/uploads\/2020\/05\/bing-225x300.jpg 225w, http:\/\/mgradio.se\/sa4bwm\/wp-content\/uploads\/2020\/05\/bing-1152x1536.jpg 1152w, http:\/\/mgradio.se\/sa4bwm\/wp-content\/uploads\/2020\/05\/bing.jpg 1536w\" sizes=\"auto, (max-width: 706px) 89vw, (max-width: 767px) 82vw, 740px\" \/><\/figure>\n\n\n\n<figure class=\"wp-block-image size-large\"><img loading=\"lazy\" decoding=\"async\" width=\"1024\" height=\"681\" src=\"http:\/\/mgradio.se\/sa4bwm\/wp-content\/uploads\/2020\/05\/bing2-1024x681.jpg\" alt=\"\" class=\"wp-image-259\" srcset=\"http:\/\/mgradio.se\/sa4bwm\/wp-content\/uploads\/2020\/05\/bing2-1024x681.jpg 1024w, http:\/\/mgradio.se\/sa4bwm\/wp-content\/uploads\/2020\/05\/bing2-300x200.jpg 300w, http:\/\/mgradio.se\/sa4bwm\/wp-content\/uploads\/2020\/05\/bing2-768x511.jpg 768w, http:\/\/mgradio.se\/sa4bwm\/wp-content\/uploads\/2020\/05\/bing2-1536x1022.jpg 1536w, http:\/\/mgradio.se\/sa4bwm\/wp-content\/uploads\/2020\/05\/bing2.jpg 2048w\" sizes=\"auto, (max-width: 706px) 89vw, (max-width: 767px) 82vw, 740px\" \/><\/figure>\n\n\n\n<hr class=\"wp-block-separator has-css-opacity\"\/>\n\n\n\n<p><strong>Spj\u00e4rsh\u00e4llen<\/strong> Enviken. <a href=\"https:\/\/www.lansstyrelsen.se\/dalarna\/besoksmal\/naturreservat\/spjarshallen.html?sv.target=12.382c024b1800285d5863a87f&amp;sv.12.382c024b1800285d5863a87f.route=\/&amp;searchString=&amp;counties=&amp;municipalities=&amp;reserveTypes=&amp;natureTypes=&amp;accessibility=&amp;facilities=&amp;sort=none\">info<\/a> IU<\/p>\n\n\n\n<figure class=\"wp-block-image size-large\"><img loading=\"lazy\" decoding=\"async\" width=\"768\" height=\"1024\" src=\"http:\/\/mgradio.se\/sa4bwm\/wp-content\/uploads\/2020\/05\/enviken-768x1024.jpg\" alt=\"\" class=\"wp-image-260\" srcset=\"http:\/\/mgradio.se\/sa4bwm\/wp-content\/uploads\/2020\/05\/enviken-768x1024.jpg 768w, http:\/\/mgradio.se\/sa4bwm\/wp-content\/uploads\/2020\/05\/enviken-225x300.jpg 225w, http:\/\/mgradio.se\/sa4bwm\/wp-content\/uploads\/2020\/05\/enviken-1152x1536.jpg 1152w, http:\/\/mgradio.se\/sa4bwm\/wp-content\/uploads\/2020\/05\/enviken.jpg 1536w\" sizes=\"auto, (max-width: 706px) 89vw, (max-width: 767px) 82vw, 740px\" \/><\/figure>\n\n\n\n<figure class=\"wp-block-image size-large\"><img loading=\"lazy\" decoding=\"async\" width=\"1024\" height=\"488\" src=\"http:\/\/mgradio.se\/sa4bwm\/wp-content\/uploads\/2020\/05\/enviken2-1024x488.jpg\" alt=\"\" class=\"wp-image-261\" srcset=\"http:\/\/mgradio.se\/sa4bwm\/wp-content\/uploads\/2020\/05\/enviken2-1024x488.jpg 1024w, http:\/\/mgradio.se\/sa4bwm\/wp-content\/uploads\/2020\/05\/enviken2-300x143.jpg 300w, http:\/\/mgradio.se\/sa4bwm\/wp-content\/uploads\/2020\/05\/enviken2-768x366.jpg 768w, http:\/\/mgradio.se\/sa4bwm\/wp-content\/uploads\/2020\/05\/enviken2-1536x731.jpg 1536w, http:\/\/mgradio.se\/sa4bwm\/wp-content\/uploads\/2020\/05\/enviken2.jpg 2048w\" sizes=\"auto, (max-width: 706px) 89vw, (max-width: 767px) 82vw, 740px\" \/><\/figure>\n\n\n\n<hr class=\"wp-block-separator has-css-opacity\"\/>\n\n\n\n<p><strong>Djurmo Klack<\/strong>, Gagnef inte s\u00e5 h\u00f6gt men fin utsikt 200meter. <a href=\"https:\/\/www.lansstyrelsen.se\/dalarna\/besoksmal\/naturreservat\/djurmo-klack.html?sv.target=12.382c024b1800285d5863a87f&amp;sv.12.382c024b1800285d5863a87f.route=\/&amp;searchString=&amp;counties=&amp;municipalities=&amp;reserveTypes=&amp;natureTypes=&amp;accessibility=&amp;facilities=&amp;sort=none\">info<\/a><br>VU-N. Beh\u00f6ver g\u00e5 ca 1,5km <\/p>\n\n\n\n<figure class=\"wp-block-image size-large\"><img loading=\"lazy\" decoding=\"async\" width=\"1024\" height=\"681\" src=\"http:\/\/mgradio.se\/sa4bwm\/wp-content\/uploads\/2020\/05\/djurmo-1024x681.jpg\" alt=\"\" class=\"wp-image-262\" srcset=\"http:\/\/mgradio.se\/sa4bwm\/wp-content\/uploads\/2020\/05\/djurmo-1024x681.jpg 1024w, http:\/\/mgradio.se\/sa4bwm\/wp-content\/uploads\/2020\/05\/djurmo-300x200.jpg 300w, http:\/\/mgradio.se\/sa4bwm\/wp-content\/uploads\/2020\/05\/djurmo-768x511.jpg 768w, http:\/\/mgradio.se\/sa4bwm\/wp-content\/uploads\/2020\/05\/djurmo-1536x1022.jpg 1536w, http:\/\/mgradio.se\/sa4bwm\/wp-content\/uploads\/2020\/05\/djurmo.jpg 2048w\" sizes=\"auto, (max-width: 706px) 89vw, (max-width: 767px) 82vw, 740px\" \/><\/figure>\n\n\n\n<hr class=\"wp-block-separator has-css-opacity\"\/>\n\n\n\n<p><strong>Gimsklack<\/strong>, Borl\u00e4nge 335m.<a href=\"https:\/\/www.naturkartan.se\/sv\/dalarnas-lan\/gimsklack\"> info<\/a> VU-100 (troligen v\u00e4gbom 1 km ifr\u00e5n) <\/p>\n\n\n\n<figure class=\"wp-block-image size-large\"><img decoding=\"async\" src=\"https:\/\/uploads.naturkartan-cdn.se\/9be7b740859155d7ebca84b3adb052c5.jpg?width=1946&amp;height=640\" alt=\"\"\/><\/figure>\n\n\n\n<hr class=\"wp-block-separator has-alpha-channel-opacity\"\/>\n\n\n\n<p><strong>S\u00e4litr\u00e4dberget<\/strong> utanf\u00f6r Mora. IU<\/p>\n\n\n\n<figure class=\"wp-block-image size-large\"><img loading=\"lazy\" decoding=\"async\" width=\"1024\" height=\"681\" src=\"http:\/\/mgradio.se\/sa4bwm\/wp-content\/uploads\/2020\/05\/mora-1024x681.jpg\" alt=\"\" class=\"wp-image-263\" srcset=\"http:\/\/mgradio.se\/sa4bwm\/wp-content\/uploads\/2020\/05\/mora-1024x681.jpg 1024w, http:\/\/mgradio.se\/sa4bwm\/wp-content\/uploads\/2020\/05\/mora-300x200.jpg 300w, http:\/\/mgradio.se\/sa4bwm\/wp-content\/uploads\/2020\/05\/mora-768x511.jpg 768w, http:\/\/mgradio.se\/sa4bwm\/wp-content\/uploads\/2020\/05\/mora-1536x1022.jpg 1536w, http:\/\/mgradio.se\/sa4bwm\/wp-content\/uploads\/2020\/05\/mora.jpg 2048w\" sizes=\"auto, (max-width: 706px) 89vw, (max-width: 767px) 82vw, 740px\" \/><\/figure>\n\n\n\n<hr class=\"wp-block-separator has-css-opacity\"\/>\n\n\n\n<p><strong>Gesundaberget<\/strong>, 17km s\u00f6der Mora. 514Meter.<a href=\"https:\/\/www.visitdalarna.se\/gora\/sevardheter\/gesundaberget\"> Info<\/a> IU<\/p>\n\n\n\n<figure class=\"wp-block-image size-large\"><img loading=\"lazy\" decoding=\"async\" width=\"1024\" height=\"768\" src=\"http:\/\/mgradio.se\/sa4bwm\/wp-content\/uploads\/2020\/05\/gesunda-1024x768.jpg\" alt=\"\" class=\"wp-image-265\" srcset=\"http:\/\/mgradio.se\/sa4bwm\/wp-content\/uploads\/2020\/05\/gesunda-1024x768.jpg 1024w, http:\/\/mgradio.se\/sa4bwm\/wp-content\/uploads\/2020\/05\/gesunda-300x225.jpg 300w, http:\/\/mgradio.se\/sa4bwm\/wp-content\/uploads\/2020\/05\/gesunda-768x576.jpg 768w, http:\/\/mgradio.se\/sa4bwm\/wp-content\/uploads\/2020\/05\/gesunda-1536x1152.jpg 1536w, http:\/\/mgradio.se\/sa4bwm\/wp-content\/uploads\/2020\/05\/gesunda.jpg 2048w\" sizes=\"auto, (max-width: 706px) 89vw, (max-width: 767px) 82vw, 740px\" \/><\/figure>\n\n\n\n<hr class=\"wp-block-separator has-css-opacity\"\/>\n\n\n\n<p><strong>Kilsbergen<\/strong> utanf\u00f6r \u00d6rebro. IU<\/p>\n\n\n\n<figure class=\"wp-block-image size-large\"><img loading=\"lazy\" decoding=\"async\" width=\"1024\" height=\"681\" src=\"http:\/\/mgradio.se\/sa4bwm\/wp-content\/uploads\/2020\/05\/orebro-1024x681.jpg\" alt=\"\" class=\"wp-image-266\" srcset=\"http:\/\/mgradio.se\/sa4bwm\/wp-content\/uploads\/2020\/05\/orebro-1024x681.jpg 1024w, http:\/\/mgradio.se\/sa4bwm\/wp-content\/uploads\/2020\/05\/orebro-300x200.jpg 300w, http:\/\/mgradio.se\/sa4bwm\/wp-content\/uploads\/2020\/05\/orebro-768x511.jpg 768w, http:\/\/mgradio.se\/sa4bwm\/wp-content\/uploads\/2020\/05\/orebro-1536x1022.jpg 1536w, http:\/\/mgradio.se\/sa4bwm\/wp-content\/uploads\/2020\/05\/orebro.jpg 2048w\" sizes=\"auto, (max-width: 706px) 89vw, (max-width: 767px) 82vw, 740px\" \/><\/figure>\n\n\n\n<hr class=\"wp-block-separator has-css-opacity\"\/>\n\n\n\n<p><strong>Pilkalampinoppi<\/strong> \u00e4r ett berg som m\u00e4ter 645 meter \u00f6ver havet i Orsa Finnmark. IU<\/p>\n\n\n\n<figure class=\"wp-block-image size-large\"><img loading=\"lazy\" decoding=\"async\" width=\"1024\" height=\"683\" src=\"http:\/\/mgradio.se\/sa4bwm\/wp-content\/uploads\/2020\/05\/orsa-1024x683.jpg\" alt=\"\" class=\"wp-image-267\" srcset=\"http:\/\/mgradio.se\/sa4bwm\/wp-content\/uploads\/2020\/05\/orsa-1024x683.jpg 1024w, http:\/\/mgradio.se\/sa4bwm\/wp-content\/uploads\/2020\/05\/orsa-300x200.jpg 300w, http:\/\/mgradio.se\/sa4bwm\/wp-content\/uploads\/2020\/05\/orsa-768x512.jpg 768w, http:\/\/mgradio.se\/sa4bwm\/wp-content\/uploads\/2020\/05\/orsa-1536x1024.jpg 1536w, http:\/\/mgradio.se\/sa4bwm\/wp-content\/uploads\/2020\/05\/orsa.jpg 2048w\" sizes=\"auto, (max-width: 706px) 89vw, (max-width: 767px) 82vw, 740px\" \/><\/figure>\n\n\n\n<hr class=\"wp-block-separator has-css-opacity\"\/>\n\n\n\n<p><strong>\u00c4lgberget<\/strong> 518 meter (mellan Leksand &amp; Vansbro) BVU<\/p>\n\n\n\n<figure class=\"wp-block-image size-large\"><img loading=\"lazy\" decoding=\"async\" width=\"1024\" height=\"484\" src=\"http:\/\/mgradio.se\/sa4bwm\/wp-content\/uploads\/2020\/05\/20200522_190130_resize-1024x484.jpg\" alt=\"\" class=\"wp-image-270\" srcset=\"http:\/\/mgradio.se\/sa4bwm\/wp-content\/uploads\/2020\/05\/20200522_190130_resize-1024x484.jpg 1024w, http:\/\/mgradio.se\/sa4bwm\/wp-content\/uploads\/2020\/05\/20200522_190130_resize-300x142.jpg 300w, http:\/\/mgradio.se\/sa4bwm\/wp-content\/uploads\/2020\/05\/20200522_190130_resize-768x363.jpg 768w, http:\/\/mgradio.se\/sa4bwm\/wp-content\/uploads\/2020\/05\/20200522_190130_resize-1536x727.jpg 1536w, http:\/\/mgradio.se\/sa4bwm\/wp-content\/uploads\/2020\/05\/20200522_190130_resize.jpg 1600w\" sizes=\"auto, (max-width: 706px) 89vw, (max-width: 767px) 82vw, 740px\" \/><\/figure>\n\n\n\n<hr class=\"wp-block-separator has-alpha-channel-opacity\"\/>\n\n\n\n<p><strong>Mejd\u00e5sen<\/strong> vid Bj\u00f6rbo. 400meter + 22meter torn.<a href=\"https:\/\/mittidetvilda.se\/mejdasensutsiktstorn\/\"> info &amp; karta<\/a> VU<\/p>\n\n\n\n<figure class=\"wp-block-image size-large\"><img decoding=\"async\" src=\"https:\/\/mittidetvilda.se\/wp-content\/uploads\/2021\/06\/Mejdasenutsiktstorn_Utsiktstorn_Bjorbo_Mejdasen-16-1024x819.jpg\" alt=\"\"\/><\/figure>\n\n\n\n<hr class=\"wp-block-separator has-alpha-channel-opacity\"\/>\n\n\n\n<p><a rel=\"noreferrer noopener\" href=\"https:\/\/www.lansstyrelsen.se\/dalarna\/besoksmal\/naturreservat\/falun\/spjarshallen.html?fbclid=IwAR3rEQh8S-tJXZHatOfHuHUGTHt39_jGNhQT6Lc4TZUK6jiIv0ZDO95gEWc\" target=\"_blank\">Spj\u00e4rsh\u00e4llen<\/a> 1 mil fr\u00e5n Sv\u00e4rdsj\u00f6. D\u00e4r finns syd\u00f6stra Dalarnas h\u00f6gsta berg. 506meter.<br><a href=\"https:\/\/www.lansstyrelsen.se\/dalarna\/besoksmal\/naturreservat\/spjarshallen.html?sv.target=12.382c024b1800285d5863a87f&amp;sv.12.382c024b1800285d5863a87f.route=\/&amp;searchString=&amp;counties=&amp;municipalities=&amp;reserveTypes=&amp;natureTypes=&amp;accessibility=&amp;facilities=&amp;sort=none\">Karta: &amp; info:<\/a> IU<\/p>\n\n\n\n<hr class=\"wp-block-separator has-alpha-channel-opacity\"\/>\n\n\n\n<p><strong>H\u00f6gtj\u00e4rnsklack<\/strong> Garpenberg, Hedemora vid vindsnurror &#8211; <a rel=\"noreferrer noopener\" href=\"https:\/\/dalavind.se\/wp-content\/uploads\/2019\/09\/V%C3%A4gbeskrivning-H%C3%B6gtj%C3%A4rnsklack-Site.pdf\" target=\"_blank\">Karta<\/a><br>Berget \u00e4r 277 meter och har fri sikt \u00f6ster &amp; s\u00f6der ut. BVU<\/p>\n\n\n\n<figure class=\"wp-block-image size-full\"><img loading=\"lazy\" decoding=\"async\" width=\"1600\" height=\"757\" src=\"http:\/\/mgradio.se\/sa4bwm\/wp-content\/uploads\/2024\/02\/garpenberg.jpg\" alt=\"\" class=\"wp-image-558\"\/><\/figure>\n\n\n\n<hr class=\"wp-block-separator has-alpha-channel-opacity\"\/>\n\n\n\n<p><strong>\u00c5sleden<\/strong> Leksand 437Meter &amp; bra utsikt. Mora-R\u00e4ttvik rakt fram i bilden. BVU<\/p>\n\n\n\n<figure class=\"wp-block-image size-full\"><img loading=\"lazy\" decoding=\"async\" width=\"1052\" height=\"929\" src=\"http:\/\/mgradio.se\/sa4bwm\/wp-content\/uploads\/2024\/02\/asleden.jpg\" alt=\"\" class=\"wp-image-560\"\/><\/figure>\n\n\n\n<hr class=\"wp-block-separator has-alpha-channel-opacity\"\/>\n\n\n\n<p><strong>Bj\u00f6rkberget <\/strong>Siljansn\u00e4s (Vid Buffils Annas cafe)  361meter. +33meter torn<br>Torn nybyggt (2021). <a href=\"https:\/\/www.lansstyrelsen.se\/dalarna\/besoksmal\/naturreservat\/siljansnas.html?sv.target=12.382c024b1800285d5863a87f&amp;sv.12.382c024b1800285d5863a87f.route=\/&amp;searchString=&amp;counties=&amp;municipalities=&amp;reserveTypes=&amp;natureTypes=&amp;accessibility=&amp;facilities=&amp;sort=none\">Info<\/a> BVU<\/p>\n\n\n\n<figure class=\"wp-block-image size-full\"><img loading=\"lazy\" decoding=\"async\" width=\"763\" height=\"306\" src=\"http:\/\/mgradio.se\/sa4bwm\/wp-content\/uploads\/2024\/02\/siljansas.jpg\" alt=\"\" class=\"wp-image-566\"\/><\/figure>\n\n\n\n<hr class=\"wp-block-separator has-alpha-channel-opacity\"\/>\n\n\n\n<p><strong>Vidablick<\/strong> R\u00e4ttvik. 352Meter +28meter torn <a href=\"https:\/\/www.rattvik.se\/kultur-fritid-och-turism\/turism-att-besoka-rattvik\/sevardheter\/vidablick.html\">info<\/a> BVU <\/p>\n\n\n\n<figure class=\"wp-block-image size-large\"><img decoding=\"async\" src=\"https:\/\/www.rattvik.se\/images\/18.3e9fcd1a1890ada640b82092\/1688721779395\/Vidablick_230706_2_FotoCarl-JohanUhlin.jpg\" alt=\"\"\/><\/figure>\n\n\n\n<hr class=\"wp-block-separator has-alpha-channel-opacity\"\/>\n\n\n\n<p class=\"has-black-color has-text-color\"><\/p>\n","protected":false},"excerpt":{"rendered":"<p>F\u00f6rklaringarBVU = Bilv\u00e4g Upp.VU = V\u00e4g Upp, dock rekomenderas suv eller offroad F= f\u00f6rbudskylt mot fordonstrafik kan finnas.VU-N ingen v\u00e4gIU- Ingen Uppgift. Jag vet inte om det finns v\u00e4g eller inte. Sidan \u00e4r under uppbyggnad&#8230; R\u00f6s\u00e5sen, Borl\u00e4nge. 291m + 17m torn. Fri sikt \u00e5t alla v\u00e4derstreck. BVUF Kungsh\u00f6gsh\u00e4llarna, G\u00e4vleborgsl\u00e4n (ca 1 mil fr\u00e5n Horndal) IU &hellip; <\/p>\n<p class=\"link-more\"><a href=\"http:\/\/mgradio.se\/sa4bwm\/berg\/\" class=\"more-link\">Forts\u00e4tt l\u00e4sa<span class=\"screen-reader-text\"> &#8221;H\u00f6ga platser i &#038; kring Dalarna&#8221;<\/span><\/a><\/p>\n","protected":false},"author":1,"featured_media":0,"parent":0,"menu_order":0,"comment_status":"closed","ping_status":"closed","template":"","meta":{"footnotes":""},"class_list":["post-253","page","type-page","status-publish","hentry"],"_links":{"self":[{"href":"http:\/\/mgradio.se\/sa4bwm\/wp-json\/wp\/v2\/pages\/253","targetHints":{"allow":["GET"]}}],"collection":[{"href":"http:\/\/mgradio.se\/sa4bwm\/wp-json\/wp\/v2\/pages"}],"about":[{"href":"http:\/\/mgradio.se\/sa4bwm\/wp-json\/wp\/v2\/types\/page"}],"author":[{"embeddable":true,"href":"http:\/\/mgradio.se\/sa4bwm\/wp-json\/wp\/v2\/users\/1"}],"replies":[{"embeddable":true,"href":"http:\/\/mgradio.se\/sa4bwm\/wp-json\/wp\/v2\/comments?post=253"}],"version-history":[{"count":28,"href":"http:\/\/mgradio.se\/sa4bwm\/wp-json\/wp\/v2\/pages\/253\/revisions"}],"predecessor-version":[{"id":595,"href":"http:\/\/mgradio.se\/sa4bwm\/wp-json\/wp\/v2\/pages\/253\/revisions\/595"}],"wp:attachment":[{"href":"http:\/\/mgradio.se\/sa4bwm\/wp-json\/wp\/v2\/media?parent=253"}],"curies":[{"name":"wp","href":"https:\/\/api.w.org\/{rel}","templated":true}]}}