{"id":7,"date":"2019-04-11T11:41:00","date_gmt":"2019-04-11T09:41:00","guid":{"rendered":"http:\/\/localhost:8080\/sida\/wordpress\/?page_id=2"},"modified":"2025-06-07T15:58:43","modified_gmt":"2025-06-07T13:58:43","slug":"hem","status":"publish","type":"page","link":"http:\/\/mgradio.se\/69\/wordpress\/","title":{"rendered":"Hej"},"content":{"rendered":"<div class=\"wp-block-image\">\n<figure class=\"aligncenter\"><img loading=\"lazy\" decoding=\"async\" width=\"600\" height=\"197\" src=\"http:\/\/mgradio.se\/69\/wordpress\/wp-content\/uploads\/2019\/05\/IMG_4664.jpg\" alt=\"Ericsson C52 69MHz\" class=\"wp-image-136\" srcset=\"http:\/\/mgradio.se\/69\/wordpress\/wp-content\/uploads\/2019\/05\/IMG_4664.jpg 600w, http:\/\/mgradio.se\/69\/wordpress\/wp-content\/uploads\/2019\/05\/IMG_4664-300x99.jpg 300w\" sizes=\"auto, (max-width: 600px) 100vw, 600px\" \/><\/figure>\n<\/div>\n\n\n<p class=\"has-text-align-center has-black-color has-text-color has-medium-font-size\"><br>Hej och v\u00e4lkommen till<strong> <\/strong>69MHz Sverige.<br>Den h\u00e4r sidan inneh\u00e5ller lite av varje som kan vara nyttigt f\u00f6r 69MHz anv\u00e4ndare. <br>Tex. nyb\u00f6rjartips, frekvenser &amp; ccir nummer mm.<\/p>\n\n\n\n<hr class=\"wp-block-separator has-alpha-channel-opacity\"\/>\n\n\n\n<p class=\"has-text-align-center has-black-color has-text-color has-link-color has-medium-font-size wp-elements-7c525edbafb6c32bcef5a021beac2d17\">Komih\u00e5g att delta i n\u00e5n av alla &#8221;radio-ringar&#8221; som finns, f\u00f6r att h\u00e5lla bandet aktivt.<br><a href=\"https:\/\/www.facebook.com\/groups\/69mhz\/permalink\/25063899333208510\">Tider och kanaler finner du h\u00e4r! (l\u00e4nk till facebook)<\/a><\/p>\n\n\n\n<p><\/p>\n","protected":false},"excerpt":{"rendered":"<p>Hej och v\u00e4lkommen till 69MHz Sverige.Den h\u00e4r sidan inneh\u00e5ller lite av varje som kan vara nyttigt f\u00f6r 69MHz anv\u00e4ndare. Tex. nyb\u00f6rjartips, frekvenser &amp; ccir nummer mm. Komih\u00e5g att delta i n\u00e5n av alla &#8221;radio-ringar&#8221; som finns, f\u00f6r att h\u00e5lla bandet aktivt.Tider och kanaler finner du h\u00e4r! (l\u00e4nk till facebook)<\/p>\n","protected":false},"author":2,"featured_media":0,"parent":0,"menu_order":0,"comment_status":"closed","ping_status":"closed","template":"","meta":{"footnotes":""},"class_list":["post-7","page","type-page","status-publish","hentry"],"_links":{"self":[{"href":"http:\/\/mgradio.se\/69\/wordpress\/wp-json\/wp\/v2\/pages\/7","targetHints":{"allow":["GET"]}}],"collection":[{"href":"http:\/\/mgradio.se\/69\/wordpress\/wp-json\/wp\/v2\/pages"}],"about":[{"href":"http:\/\/mgradio.se\/69\/wordpress\/wp-json\/wp\/v2\/types\/page"}],"author":[{"embeddable":true,"href":"http:\/\/mgradio.se\/69\/wordpress\/wp-json\/wp\/v2\/users\/2"}],"replies":[{"embeddable":true,"href":"http:\/\/mgradio.se\/69\/wordpress\/wp-json\/wp\/v2\/comments?post=7"}],"version-history":[{"count":76,"href":"http:\/\/mgradio.se\/69\/wordpress\/wp-json\/wp\/v2\/pages\/7\/revisions"}],"predecessor-version":[{"id":1945,"href":"http:\/\/mgradio.se\/69\/wordpress\/wp-json\/wp\/v2\/pages\/7\/revisions\/1945"}],"wp:attachment":[{"href":"http:\/\/mgradio.se\/69\/wordpress\/wp-json\/wp\/v2\/media?parent=7"}],"curies":[{"name":"wp","href":"https:\/\/api.w.org\/{rel}","templated":true}]}}