{"id":411,"date":"2020-05-06T09:57:45","date_gmt":"2020-05-06T07:57:45","guid":{"rendered":"http:\/\/mgradio.se\/69\/wordpress\/?page_id=411"},"modified":"2023-09-28T18:20:44","modified_gmt":"2023-09-28T16:20:44","slug":"high-activity","status":"publish","type":"page","link":"http:\/\/mgradio.se\/69\/wordpress\/high-activity\/","title":{"rendered":"69MHz aktiviteter 2023"},"content":{"rendered":"\n<figure class=\"wp-block-image size-full\"><img loading=\"lazy\" decoding=\"async\" width=\"786\" height=\"374\" src=\"http:\/\/mgradio.se\/69\/wordpress\/wp-content\/uploads\/2022\/01\/high-aktivitet-2022.jpg\" alt=\"\" class=\"wp-image-1171\"\/><\/figure>\n\n\n\n<hr class=\"wp-block-separator has-alpha-channel-opacity\"\/>\n\n\n\n<p class=\"has-luminous-vivid-amber-background-color has-text-color has-background\" style=\"color:#000000;font-size:22px\"><strong>Aktiviteten \u00e4r nerlagd pga. bristande intresse. <\/strong><\/p>\n\n\n\n<p class=\"has-text-color\" style=\"color:#0000009e;font-size:16px\"><br><strong><s>Sista fredagen i m\u00e5naden kl 19-21<\/s><\/strong><br><s>L\u00e4gg in sista fredagen i m\u00e5naden din kalender, d\u00e5 k\u00f6r vi &#8221;H\u00f6gH\u00f6jds Aktivitet&#8221; p\u00e5 69MHz.<\/s><\/p>\n\n\n\n<p class=\"has-text-color\" style=\"color:#0000009e;font-size:16px\"><s>Aktiviteten \u00e4r en rikst\u00e4ckande test\/aktivitet. Dom som har m\u00f6jlighet &amp; vilja \u00e5ker upp p\u00e5 n\u00e5tt h\u00f6gt st\u00e4lle i sin n\u00e4rhet, tar med radio &amp; basantenn eller s\u00e4nder fr\u00e5n bilen. Dom som inte vill ut, sitter hemma och pratar. F\u00f6rhoppningsvis kan m\u00e5nga vara ute och ig\u00e5ng samtidigt &amp; m\u00f6jligheten till l\u00e5ngv\u00e4ga kontakter \u00f6kar. Var med och aktivera 69MHz denna kv\u00e4ll du ocks\u00e5!<\/s><\/p>\n\n\n\n<hr class=\"wp-block-separator has-css-opacity\"\/>\n\n\n\n<p class=\"has-text-color\" style=\"color:#0000009e\"><s>En bra ide \u00e4r att k\u00f6ra med sitt Scandinavia SSB call, d\u00e5 bokstaven skvallrar vilket l\u00e4n man befinner sig i.<br>Kom ih\u00e5g att byta ifr\u00e5n anropskanal kanal 8 f\u00f6r att f\u00f6rhindra st\u00f6ra andra.<\/s><\/p>\n\n\n\n<p class=\"has-text-color\" style=\"color:#0000009e\"><strong><s>Var med och aktivera 69MHz denna kv\u00e4ll du ocks\u00e5! <\/s><\/strong><\/p>\n\n\n\n<p class=\"has-text-align-left has-text-color\" style=\"color:#0000009e\"><s>F\u00f6re &amp; efter 69MHz testet kommer m\u00e5nga s\u00e4kert k\u00f6ra b\u00e5de 27MHz, 145MHz &amp; kanske andra band.<br>V\u00e4l m\u00f6tt i etern!<\/s><\/p>\n\n\n\n<p class=\"has-text-align-left has-text-color has-medium-font-size\" style=\"color:#0000009e\"><strong><s>Sprid detta till dina radio v\u00e4nner!<\/s><\/strong><\/p>\n\n\n\n<hr class=\"wp-block-separator has-css-opacity\"\/>\n\n\n\n<p class=\"has-text-color\" style=\"color:#0000009e\"><strong><s>Lite bakgrunds info:<\/s><\/strong><br><s>F\u00f6rslaget kom upp i Facebook gruppen &#8221;69MHz Sverige&#8221; att om man kunde aktivera Sverige fr\u00e5n h\u00f6ga st\u00e4llen. En rikst\u00e4ckande aktivitet. Radio gruppen Tellus hade en liknande aktivitet f\u00f6r n\u00e5gra \u00e5r sedan.  M\u00e5nga nappade p\u00e5 det h\u00e4r f\u00f6rslaget, s\u00e5 nu k\u00f6r vi.  <\/s><br><br><s>Aktiviteten har k\u00f6rts i slutet p\u00e5 m\u00e5naden, sen April 2020<br>D\u00e5 dom andra kv\u00e4llarna blivit succ\u00e9, s\u00e5 k\u00f6r vi varje m\u00e5nad tills vidare&#8230;<\/s><\/p>\n\n\n\n<hr class=\"wp-block-separator has-css-opacity\"\/>\n\n\n\n<p class=\"has-text-align-left has-black-color has-text-color\"><a href=\"https:\/\/www.facebook.com\/groups\/69mhz\">69MHz Sverige<\/a> p\u00e5 Facebook.<br><\/p>\n\n\n\n<p class=\"has-text-align-left has-small-font-size\"><\/p>\n","protected":false},"excerpt":{"rendered":"<p>Aktiviteten \u00e4r nerlagd pga. bristande intresse. Sista fredagen i m\u00e5naden kl 19-21L\u00e4gg in sista fredagen i m\u00e5naden din kalender, d\u00e5 k\u00f6r vi &#8221;H\u00f6gH\u00f6jds Aktivitet&#8221; p\u00e5 69MHz. Aktiviteten \u00e4r en rikst\u00e4ckande test\/aktivitet. Dom som har m\u00f6jlighet &amp; vilja \u00e5ker upp p\u00e5 n\u00e5tt h\u00f6gt st\u00e4lle i sin n\u00e4rhet, tar med radio &amp; basantenn eller s\u00e4nder fr\u00e5n bilen. [&hellip;]<\/p>\n","protected":false},"author":1,"featured_media":0,"parent":0,"menu_order":0,"comment_status":"closed","ping_status":"closed","template":"","meta":{"footnotes":""},"class_list":["post-411","page","type-page","status-publish","hentry"],"_links":{"self":[{"href":"http:\/\/mgradio.se\/69\/wordpress\/wp-json\/wp\/v2\/pages\/411","targetHints":{"allow":["GET"]}}],"collection":[{"href":"http:\/\/mgradio.se\/69\/wordpress\/wp-json\/wp\/v2\/pages"}],"about":[{"href":"http:\/\/mgradio.se\/69\/wordpress\/wp-json\/wp\/v2\/types\/page"}],"author":[{"embeddable":true,"href":"http:\/\/mgradio.se\/69\/wordpress\/wp-json\/wp\/v2\/users\/1"}],"replies":[{"embeddable":true,"href":"http:\/\/mgradio.se\/69\/wordpress\/wp-json\/wp\/v2\/comments?post=411"}],"version-history":[{"count":104,"href":"http:\/\/mgradio.se\/69\/wordpress\/wp-json\/wp\/v2\/pages\/411\/revisions"}],"predecessor-version":[{"id":1547,"href":"http:\/\/mgradio.se\/69\/wordpress\/wp-json\/wp\/v2\/pages\/411\/revisions\/1547"}],"wp:attachment":[{"href":"http:\/\/mgradio.se\/69\/wordpress\/wp-json\/wp\/v2\/media?parent=411"}],"curies":[{"name":"wp","href":"https:\/\/api.w.org\/{rel}","templated":true}]}}