{"id":1560,"date":"2023-12-19T11:20:45","date_gmt":"2023-12-19T10:20:45","guid":{"rendered":"http:\/\/mgradio.se\/69\/wordpress\/?page_id=1560"},"modified":"2025-06-08T14:51:53","modified_gmt":"2025-06-08T12:51:53","slug":"ovrigt","status":"publish","type":"page","link":"http:\/\/mgradio.se\/69\/wordpress\/ovrigt\/","title":{"rendered":"\u00d6vrigt"},"content":{"rendered":"\n<p class=\"has-medium-font-size\">L\u00e4nktips: <a href=\"https:\/\/www.69mhz.se\/\">69MHz.se<\/a> (En trevlig sida med mycket matnyttig info om 69MHz)<br><\/p>\n\n\n\n<hr class=\"wp-block-separator has-alpha-channel-opacity\"\/>\n\n\n\n<p class=\"has-medium-font-size\">Arkiverat:<br><a href=\"http:\/\/mgradio.se\/69\/wordpress\/radiotraff-2023\/\">Radiotr\u00e4ff i Dalarna 2023<\/a> <br><a href=\"http:\/\/mgradio.se\/69\/wordpress\/radiotraff-2024\/\">Radiotr\u00e4ff i Dalarna 2024<\/a><br><a href=\"http:\/\/mgradio.se\/69\/wordpress\/radiotraff-2025\/\">Radiotr\u00e4ff i Dalarna 2025<\/a><br><br><a href=\"http:\/\/mgradio.se\/69\/wordpress\/dalarna\/dalaringen69-25\/\"><s>Dalaringen 69MHz<\/s><\/a> Nedlagd<br><a href=\"http:\/\/mgradio.se\/69\/wordpress\/high-activity\/\"><s>H\u00f6gH\u00f6jd Aktivitet. <\/s><\/a> Nedlagd<br>Dekaler: <a href=\"http:\/\/mgradio.se\/69\/wordpress\/fb\/\">69MHz Sverige<\/a> Sluts\u00e5lda<\/p>\n\n\n\n<p><\/p>\n","protected":false},"excerpt":{"rendered":"<p>L\u00e4nktips: 69MHz.se (En trevlig sida med mycket matnyttig info om 69MHz) Arkiverat:Radiotr\u00e4ff i Dalarna 2023 Radiotr\u00e4ff i Dalarna 2024Radiotr\u00e4ff i Dalarna 2025 Dalaringen 69MHz NedlagdH\u00f6gH\u00f6jd Aktivitet. NedlagdDekaler: 69MHz Sverige Sluts\u00e5lda<\/p>\n","protected":false},"author":1,"featured_media":0,"parent":0,"menu_order":0,"comment_status":"closed","ping_status":"closed","template":"","meta":{"footnotes":""},"class_list":["post-1560","page","type-page","status-publish","hentry"],"_links":{"self":[{"href":"http:\/\/mgradio.se\/69\/wordpress\/wp-json\/wp\/v2\/pages\/1560","targetHints":{"allow":["GET"]}}],"collection":[{"href":"http:\/\/mgradio.se\/69\/wordpress\/wp-json\/wp\/v2\/pages"}],"about":[{"href":"http:\/\/mgradio.se\/69\/wordpress\/wp-json\/wp\/v2\/types\/page"}],"author":[{"embeddable":true,"href":"http:\/\/mgradio.se\/69\/wordpress\/wp-json\/wp\/v2\/users\/1"}],"replies":[{"embeddable":true,"href":"http:\/\/mgradio.se\/69\/wordpress\/wp-json\/wp\/v2\/comments?post=1560"}],"version-history":[{"count":18,"href":"http:\/\/mgradio.se\/69\/wordpress\/wp-json\/wp\/v2\/pages\/1560\/revisions"}],"predecessor-version":[{"id":1955,"href":"http:\/\/mgradio.se\/69\/wordpress\/wp-json\/wp\/v2\/pages\/1560\/revisions\/1955"}],"wp:attachment":[{"href":"http:\/\/mgradio.se\/69\/wordpress\/wp-json\/wp\/v2\/media?parent=1560"}],"curies":[{"name":"wp","href":"https:\/\/api.w.org\/{rel}","templated":true}]}}