{"id":1461,"date":"2023-05-26T19:48:32","date_gmt":"2023-05-26T17:48:32","guid":{"rendered":"http:\/\/mgradio.se\/69\/wordpress\/?page_id=1461"},"modified":"2024-04-08T12:12:40","modified_gmt":"2024-04-08T10:12:40","slug":"radiotraff-2023","status":"publish","type":"page","link":"http:\/\/mgradio.se\/69\/wordpress\/radiotraff-2023\/","title":{"rendered":"Radiotr\u00e4ff 2023"},"content":{"rendered":"\n<figure class=\"wp-block-image size-full is-resized\"><img loading=\"lazy\" decoding=\"async\" width=\"564\" height=\"564\" src=\"http:\/\/mgradio.se\/69\/wordpress\/wp-content\/uploads\/2023\/05\/radio-mote.jpg\" alt=\"\" class=\"wp-image-1462\" style=\"width:330px;height:330px\"\/><\/figure>\n\n\n\n<p class=\"has-black-color has-luminous-vivid-amber-background-color has-text-color has-background has-medium-font-size\"><strong>10-Juni:<\/strong> Tack alla f\u00f6r en lyckad radiotr\u00e4ff. Kul att s\u00e5 m\u00e5nga d\u00f6k upp, 15-20st \u00e4kta radioter fr\u00e5n Dalarna &amp; G\u00e4vleborg. <\/p>\n\n\n\n<p class=\"has-black-color has-text-color\"><strong>N\u00e5gra bilder fr\u00e5n tr\u00e4ffen.<\/strong><\/p>\n\n\n\n<figure class=\"wp-block-gallery has-nested-images columns-default is-cropped wp-block-gallery-1 is-layout-flex wp-block-gallery-is-layout-flex\">\n<figure class=\"wp-block-image size-large\"><a href=\"http:\/\/mgradio.se\/69\/wordpress\/wp-content\/uploads\/2024\/02\/traff23-1.jpg\"><img loading=\"lazy\" decoding=\"async\" width=\"1200\" height=\"676\" data-id=\"1627\" src=\"http:\/\/mgradio.se\/69\/wordpress\/wp-content\/uploads\/2024\/02\/traff23-1.jpg\" alt=\"\" class=\"wp-image-1627\"\/><\/a><\/figure>\n\n\n\n<figure class=\"wp-block-image size-large\"><a href=\"http:\/\/mgradio.se\/69\/wordpress\/wp-content\/uploads\/2024\/02\/traff23-2.jpg\"><img loading=\"lazy\" decoding=\"async\" width=\"1200\" height=\"676\" data-id=\"1625\" src=\"http:\/\/mgradio.se\/69\/wordpress\/wp-content\/uploads\/2024\/02\/traff23-2.jpg\" alt=\"\" class=\"wp-image-1625\"\/><\/a><\/figure>\n\n\n\n<figure class=\"wp-block-image size-large\"><a href=\"http:\/\/mgradio.se\/69\/wordpress\/wp-content\/uploads\/2024\/02\/traff23-3.jpg\"><img loading=\"lazy\" decoding=\"async\" width=\"1200\" height=\"676\" data-id=\"1626\" src=\"http:\/\/mgradio.se\/69\/wordpress\/wp-content\/uploads\/2024\/02\/traff23-3.jpg\" alt=\"\" class=\"wp-image-1626\"\/><\/a><\/figure>\n<\/figure>\n\n\n\n<p class=\"has-black-color has-text-color has-link-color wp-elements-aef4d8339ce2f181b31c13f426f670b6\"><strong>Vi ses v\u00e4l igen n\u00e4sta \u00e5r?<\/strong><\/p>\n\n\n\n<hr class=\"wp-block-separator has-alpha-channel-opacity\"\/>\n\n\n\n<p class=\"has-black-color has-text-color\"><br>Hej radioter i Dalarna.<br><strong>10-Juni 2023 kl 11:00 blir det radiotr\u00e4ff p\u00e5 \u00c5sleden i Leksand.<\/strong><\/p>\n\n\n\n<p class=\"has-black-color has-text-color\">Medtag eget \u00e4ta\/dryck &amp; ett gott hum\u00f6r \ud83d\ude42<br>Det blir inget avanserat, man tr\u00e4ffas och umg\u00e5s &amp; kanske grillar n\u00e5n korv eller fikar.<br>Trevligt att tr\u00e4ffa andra med samma intresse &amp; som man kanske snackat med p\u00e5 radion.<br>\u00c5sleden ligger strax utanf\u00f6r Leksand, 437m\u00f6h &amp; bra utsikt, v\u00e4gen dit \u00e4r ocks\u00e5 bra.<br>Det \u00e4r fr\u00e4mst t\u00e4nkt f\u00f6r 27 &amp; 69MHz folk i eller kring Dalarna, men alla \u00e4r givetvis v\u00e4lkomna. <br><a href=\"https:\/\/www.toppstuga.se\/\">L\u00e4nk till st\u00e4llet: <\/a> P\u00e5 l\u00e4nken finns \u00e4ven v\u00e4gbeskrivning. (vi kommer inte ha tillg\u00e5ng till stugan)<\/p>\n\n\n\n<p>H\u00e5ll koll p\u00e5 den h\u00e4r sidan f\u00f6r mera info.<\/p>\n\n\n\n<p><\/p>\n\n\n\n<p class=\"has-text-color has-background\" style=\"color:#656464;background-color:#e9e9e9\"><strong>Viktigt! <\/strong>Om ni ska grilla, ta med vatten f\u00f6r att sl\u00e4cka grillen. B\u00e4ttre f\u00f6r mycket vatten \u00e4n f\u00f6r lite.<br><strong>Ingen grillning, se inl\u00e4gg 8-juni<\/strong><\/p>\n\n\n\n<p class=\"has-text-color has-background\" style=\"color:#656464;background-color:#e9e9e9\"><strong>01-Juni:<\/strong> Vi kommer passa kanal 8 p\u00e5 69MHz &amp; kanal ?? p\u00e5 27MHz<\/p>\n\n\n\n<p class=\"has-text-color has-background\" style=\"color:#656464;background-color:#e9e9e9\"><strong>02-Juni<\/strong> Sam\u00e5kning dit! Om v\u00e4dret till\u00e5ter s\u00e5 \u00e4r vi n\u00e5gra som kommer sam\u00e5ka MC dit, bilar f\u00e5r givetvis haka p\u00e5. Vi tr\u00e4ffas i Borl\u00e4nge, Gagnef &amp; Leksand. Tider &amp; platser \u00e5terkommer vi med. Samma tider g\u00e4ller vid d\u00e5ligt v\u00e4der (d\u00e5 \u00e5ker vi bil)<\/p>\n\n\n\n<p class=\"has-text-color has-background\" style=\"color:#656464;background-color:#e9e9e9\"><strong>06-Juni:<\/strong> Sam\u00e5kning \/ Konvoj. Om n\u00e5gon inte hittar, kan ni \u00e5ka efter mig\/oss upp. <strong>09:45 Borl\u00e4nge<\/strong>, vid resturang Gazoline. Ligger efter E16\/RV70 vid Tj\u00e4rna \u00c4ngar (ca 2km norr kupolen) Vi \u00e5ker via Djur\u00e5s, insj\u00f6n, Leksand upp till berget. Om n\u00e5gon vill ansluta efter v\u00e4gen. H\u00f6r av er, f\u00f6r annars t\u00e4nker vi inte stanna. Jag kommer passa kanal 8 p\u00e5 69MHz, med begr\u00e4nsad r\u00e4ckvidd fr\u00e5n handapparat p\u00e5 MC.<\/p>\n\n\n\n<p class=\"has-text-color has-background\" style=\"color:#656464;background-color:#e9e9e9\"><strong>08-Juni: <\/strong>Ingen grillning, pga eldningsf\u00f6rbud. <a href=\"https:\/\/wbrand.se\/brandkaren-norra-dalarna\/hem--fritid\/eldning-utomhus---eldningsforbud.html\">Se l\u00e4nk<\/a><\/p>\n\n\n<div class=\"wp-block-image\">\n<figure class=\"alignleft size-full is-resized\"><a href=\"http:\/\/mgradio.se\/69\/wordpress\/radiotraff-2023\/asl\/\"><img loading=\"lazy\" decoding=\"async\" width=\"1052\" height=\"929\" src=\"http:\/\/mgradio.se\/69\/wordpress\/wp-content\/uploads\/2023\/05\/asl.jpg\" alt=\"\" class=\"wp-image-1470\" style=\"width:294px;height:259px\"\/><\/a><figcaption class=\"wp-element-caption\">Utsikten, klicka p\u00e5 bilden f\u00f6r st\u00f6rre<\/figcaption><\/figure>\n<\/div>\n\n\n<p><\/p>\n\n\n\n<p><\/p>\n\n\n\n<figure class=\"wp-block-gallery has-nested-images columns-default is-cropped wp-block-gallery-2 is-layout-flex wp-block-gallery-is-layout-flex\"><\/figure>\n\n\n\n<figure class=\"wp-block-gallery has-nested-images columns-default is-cropped wp-block-gallery-3 is-layout-flex wp-block-gallery-is-layout-flex\"><\/figure>\n\n\n\n<figure class=\"wp-block-gallery has-nested-images columns-default is-cropped wp-block-gallery-4 is-layout-flex wp-block-gallery-is-layout-flex\"><\/figure>\n","protected":false},"excerpt":{"rendered":"<p>10-Juni: Tack alla f\u00f6r en lyckad radiotr\u00e4ff. Kul att s\u00e5 m\u00e5nga d\u00f6k upp, 15-20st \u00e4kta radioter fr\u00e5n Dalarna &amp; G\u00e4vleborg. N\u00e5gra bilder fr\u00e5n tr\u00e4ffen. Vi ses v\u00e4l igen n\u00e4sta \u00e5r? Hej radioter i Dalarna.10-Juni 2023 kl 11:00 blir det radiotr\u00e4ff p\u00e5 \u00c5sleden i Leksand. Medtag eget \u00e4ta\/dryck &amp; ett gott hum\u00f6r \ud83d\ude42Det blir inget avanserat, [&hellip;]<\/p>\n","protected":false},"author":1,"featured_media":0,"parent":0,"menu_order":0,"comment_status":"closed","ping_status":"closed","template":"","meta":{"footnotes":""},"class_list":["post-1461","page","type-page","status-publish","hentry"],"_links":{"self":[{"href":"http:\/\/mgradio.se\/69\/wordpress\/wp-json\/wp\/v2\/pages\/1461","targetHints":{"allow":["GET"]}}],"collection":[{"href":"http:\/\/mgradio.se\/69\/wordpress\/wp-json\/wp\/v2\/pages"}],"about":[{"href":"http:\/\/mgradio.se\/69\/wordpress\/wp-json\/wp\/v2\/types\/page"}],"author":[{"embeddable":true,"href":"http:\/\/mgradio.se\/69\/wordpress\/wp-json\/wp\/v2\/users\/1"}],"replies":[{"embeddable":true,"href":"http:\/\/mgradio.se\/69\/wordpress\/wp-json\/wp\/v2\/comments?post=1461"}],"version-history":[{"count":26,"href":"http:\/\/mgradio.se\/69\/wordpress\/wp-json\/wp\/v2\/pages\/1461\/revisions"}],"predecessor-version":[{"id":1655,"href":"http:\/\/mgradio.se\/69\/wordpress\/wp-json\/wp\/v2\/pages\/1461\/revisions\/1655"}],"wp:attachment":[{"href":"http:\/\/mgradio.se\/69\/wordpress\/wp-json\/wp\/v2\/media?parent=1461"}],"curies":[{"name":"wp","href":"https:\/\/api.w.org\/{rel}","templated":true}]}}