{"id":14,"date":"2019-04-11T12:12:03","date_gmt":"2019-04-11T10:12:03","guid":{"rendered":"http:\/\/localhost:8080\/sida\/wordpress\/?page_id=14"},"modified":"2025-06-08T14:55:14","modified_gmt":"2025-06-08T12:55:14","slug":"dalarna","status":"publish","type":"page","link":"http:\/\/mgradio.se\/69\/wordpress\/dalarna\/","title":{"rendered":"69MHz Dalarna"},"content":{"rendered":"\n<p class=\"has-text-align-center has-text-color has-medium-font-size\" style=\"color:#0c032b\"><strong>Sidan f\u00f6r oss i Dalarna <\/strong><br>(<strong>som h\u00e5ller p\u00e5 med 69MHz radio<\/strong>)<\/p>\n\n\n<div class=\"wp-block-image is-resized\">\n<figure class=\"aligncenter\"><img loading=\"lazy\" decoding=\"async\" width=\"300\" height=\"88\" src=\"http:\/\/mgradio.se\/69\/wordpress\/wp-content\/uploads\/2019\/07\/69DALA-LOGO.jpg\" alt=\"69MHz Dalarna\" class=\"wp-image-228\"\/><\/figure>\n<\/div>\n\n\n<hr class=\"wp-block-separator has-alpha-channel-opacity\"\/>\n\n\n\n<p class=\"has-text-align-center has-black-color has-text-color has-background\" style=\"background-color:#ff6a0021;font-size:22px\"><a href=\"http:\/\/mgradio.se\/69\/wordpress\/25-dalarna\/\">Lista med 69MHz stationer i Dalarna <\/a><br><a href=\"http:\/\/mgradio.se\/69\/wordpress\/25-dalarna\/\">som k\u00f6r <strong>&#8221;rakelzon stilen&#8221;<\/strong> p\u00e5 sitt ccir nummer.<\/a><\/p>\n\n\n\n<p class=\"has-text-align-center has-black-color has-text-color has-medium-font-size\">Om du vill vara med, h\u00f6r av dig via\u00a0mail eller radio.<br><strong>Listan uppdaterad 2025-06-01<\/strong><\/p>\n\n\n\n<hr class=\"wp-block-separator has-css-opacity\"\/>\n\n\n\n<p class=\"has-text-align-center has-black-color has-text-color has-medium-font-size\">F\u00f6r dig som bor i Dalarna!<br>Missa inte den lokala Facebook gruppen<br>27MHz &amp; 69MHz i Dalarna<\/p>\n\n\n<div class=\"wp-block-image is-resized\">\n<figure class=\"aligncenter size-large\"><a href=\"https:\/\/www.facebook.com\/groups\/69dala\/\"><img loading=\"lazy\" decoding=\"async\" width=\"400\" height=\"136\" src=\"http:\/\/mgradio.se\/69\/wordpress\/wp-content\/uploads\/2020\/07\/69DALA-facebook.jpg\" alt=\"\" class=\"wp-image-549\" srcset=\"http:\/\/mgradio.se\/69\/wordpress\/wp-content\/uploads\/2020\/07\/69DALA-facebook.jpg 400w, http:\/\/mgradio.se\/69\/wordpress\/wp-content\/uploads\/2020\/07\/69DALA-facebook-300x102.jpg 300w\" sizes=\"auto, (max-width: 400px) 100vw, 400px\" \/><\/a><\/figure>\n<\/div>\n\n\n<hr class=\"wp-block-separator has-alpha-channel-opacity\"\/>\n\n\n\n<p class=\"has-text-align-center has-black-color has-text-color has-link-color has-medium-font-size wp-elements-df2236d0ad7ead06ae606cacb79cffaf\">Radiotr\u00e4ffar, se fliken \u00d6vrigt.<\/p>\n\n\n\n<p><\/p>\n","protected":false},"excerpt":{"rendered":"<p>Sidan f\u00f6r oss i Dalarna (som h\u00e5ller p\u00e5 med 69MHz radio) Lista med 69MHz stationer i Dalarna som k\u00f6r &#8221;rakelzon stilen&#8221; p\u00e5 sitt ccir nummer. Om du vill vara med, h\u00f6r av dig via\u00a0mail eller radio.Listan uppdaterad 2025-06-01 F\u00f6r dig som bor i Dalarna!Missa inte den lokala Facebook gruppen27MHz &amp; 69MHz i Dalarna Radiotr\u00e4ffar, se [&hellip;]<\/p>\n","protected":false},"author":2,"featured_media":0,"parent":0,"menu_order":0,"comment_status":"closed","ping_status":"closed","template":"","meta":{"footnotes":""},"class_list":["post-14","page","type-page","status-publish","hentry"],"_links":{"self":[{"href":"http:\/\/mgradio.se\/69\/wordpress\/wp-json\/wp\/v2\/pages\/14","targetHints":{"allow":["GET"]}}],"collection":[{"href":"http:\/\/mgradio.se\/69\/wordpress\/wp-json\/wp\/v2\/pages"}],"about":[{"href":"http:\/\/mgradio.se\/69\/wordpress\/wp-json\/wp\/v2\/types\/page"}],"author":[{"embeddable":true,"href":"http:\/\/mgradio.se\/69\/wordpress\/wp-json\/wp\/v2\/users\/2"}],"replies":[{"embeddable":true,"href":"http:\/\/mgradio.se\/69\/wordpress\/wp-json\/wp\/v2\/comments?post=14"}],"version-history":[{"count":171,"href":"http:\/\/mgradio.se\/69\/wordpress\/wp-json\/wp\/v2\/pages\/14\/revisions"}],"predecessor-version":[{"id":1959,"href":"http:\/\/mgradio.se\/69\/wordpress\/wp-json\/wp\/v2\/pages\/14\/revisions\/1959"}],"wp:attachment":[{"href":"http:\/\/mgradio.se\/69\/wordpress\/wp-json\/wp\/v2\/media?parent=14"}],"curies":[{"name":"wp","href":"https:\/\/api.w.org\/{rel}","templated":true}]}}