{"id":12,"date":"2019-04-11T12:11:46","date_gmt":"2019-04-11T10:11:46","guid":{"rendered":"http:\/\/localhost:8080\/sida\/wordpress\/?page_id=12"},"modified":"2024-06-22T21:32:40","modified_gmt":"2024-06-22T19:32:40","slug":"koprad","status":"publish","type":"page","link":"http:\/\/mgradio.se\/69\/wordpress\/koprad\/","title":{"rendered":"K\u00f6pr\u00e5d"},"content":{"rendered":"\n<hr class=\"wp-block-separator has-css-opacity\"\/>\n\n\n\n<h2 class=\"wp-block-heading\"><strong>Vilken radio &amp; antenn kan man anv\u00e4nda till 69MHz?<\/strong><\/h2>\n\n\n\n<p class=\"has-black-color has-text-color has-background has-link-color wp-elements-198f4937d32c812b8495ae6c9119d245\" style=\"background-color:#f7ddce\"><strong>D\u00e5 denna k\u00f6pr\u00e5d sida har n\u00e5gra \u00e5r p\u00e5 nacken, s\u00e5 kan utbudet p\u00e5 radio &amp; antenner skilja en aning mot idag.  Men \u00f6verlag s\u00e5 \u00e4r det lika.<\/strong><\/p>\n\n\n\n<p>Den h\u00e4r sidan \u00e4r t\u00e4nkt som tips f\u00f6r nyb\u00f6rjare som vill b\u00f6rja med 69MHz radio.<br>Jag tar bara upp de vanligaste radio &amp; antennerna, det finns mycket mera att v\u00e4lja mellan om man s\u00f6ker runt p\u00e5 n\u00e4tet. Om du har fr\u00e5gor eller funderingar, s\u00e5 rekommenderar jag att fr\u00e5gan st\u00e4lls i 69MHz Sverige p\u00e5 Facebook.<\/p>\n\n\n\n<hr class=\"wp-block-separator has-css-opacity\"\/>\n\n\n\n<p>I Facebook gruppen 69MHz Sverige, st\u00e4lldes fr\u00e5gan vilken 69MHz radio som folk \u00e4ger &amp; \u00e4r n\u00f6jda med. H\u00e4r kan du se resultatet.<br><a href=\"https:\/\/www.facebook.com\/groups\/69mhz\/permalink\/1343608005664309\/\">(l\u00e4nk till Facebook)<\/a><\/p>\n\n\n\n<hr class=\"wp-block-separator has-css-opacity\"\/>\n\n\n\n<p><strong>Snabbl\u00e4nkar<\/strong><br><a href=\"#radio\">Radio<\/a> &#8211; <a href=\"#antenn\">Antenner<\/a> &#8211; <a href=\"#swr\">Tillbeh\u00f6r<\/a><\/p>\n\n\n\n<hr class=\"wp-block-separator has-css-opacity\"\/>\n\n\n\n<h1 class=\"wp-block-heading\" id=\"radio\"><strong>Radio<\/strong><\/h1>\n\n\n\n<p><strong>Anytone<\/strong><br><br>En v\u00e4ldigt vanlig &amp; popul\u00e4r radio \u00e4r AT-588, Den kostar ca 2500:- ny.<\/p>\n\n\n\n<figure class=\"wp-block-image size-full is-resized\"><img loading=\"lazy\" decoding=\"async\" width=\"600\" height=\"548\" src=\"http:\/\/mgradio.se\/69\/wordpress\/wp-content\/uploads\/2019\/04\/anytone-at588.jpg\" alt=\"Anytone 588\" class=\"wp-image-94\" style=\"width:260px;height:238px\" srcset=\"http:\/\/mgradio.se\/69\/wordpress\/wp-content\/uploads\/2019\/04\/anytone-at588.jpg 600w, http:\/\/mgradio.se\/69\/wordpress\/wp-content\/uploads\/2019\/04\/anytone-at588-300x274.jpg 300w, http:\/\/mgradio.se\/69\/wordpress\/wp-content\/uploads\/2019\/04\/anytone-at588-547x500.jpg 547w, http:\/\/mgradio.se\/69\/wordpress\/wp-content\/uploads\/2019\/04\/anytone-at588-328x300.jpg 328w\" sizes=\"auto, (max-width: 600px) 100vw, 600px\" \/><figcaption class=\"wp-element-caption\">Anytone 588<\/figcaption><\/figure>\n\n\n\n<p>Det \u00e4r en liten trevlig maskin med m\u00e5nga funktioner, den har b\u00e5de kanall\u00e4ge &amp; VFO l\u00e4ge. Man kan allts\u00e5 \u00e4ven knappa in valfri frekvensmellan 66-88MHz direkt fr\u00e5n micken. En till trevlig funktion \u00e4r att den har signalm\u00e4tare. K\u00f6per man den p\u00e5 tex. Limmared Radio, s\u00e5 levereras radion f\u00e4rdigprogrammerad med alla 69MHz kanaler. Bara koppla in och k\u00f6ra. Jag rekommenderar \u00e4nd\u00e5 att man skaffar en programmeringskabel, f\u00f6r att komma \u00e5t div extra funktioner s\u00e5som ccir signalering mm. <\/p>\n\n\n\n<hr class=\"wp-block-separator has-css-opacity\"\/>\n\n\n\n<h2 class=\"wp-block-heading\">Sen finns det flera kommersiella apparater som man kan programmera till 69MHz.<\/h2>\n\n\n\n<p><strong>Ericsson<\/strong><br><br>M\u00e5nga anv\u00e4nder gamla radioapparater som tex. anv\u00e4nts av \u00e5kerier, r\u00e4ddningstj\u00e4nst &amp; polis mm. Dessa brukar kosta ca 3500:- beroende p\u00e5 modell &amp; tillbeh\u00f6r.<\/p>\n\n\n\n<figure class=\"wp-block-image size-full is-resized\"><img loading=\"lazy\" decoding=\"async\" width=\"600\" height=\"450\" src=\"http:\/\/mgradio.se\/69\/wordpress\/wp-content\/uploads\/2019\/04\/ericsson.jpg\" alt=\"\" class=\"wp-image-95\" style=\"width:261px;height:196px\" srcset=\"http:\/\/mgradio.se\/69\/wordpress\/wp-content\/uploads\/2019\/04\/ericsson.jpg 600w, http:\/\/mgradio.se\/69\/wordpress\/wp-content\/uploads\/2019\/04\/ericsson-300x225.jpg 300w, http:\/\/mgradio.se\/69\/wordpress\/wp-content\/uploads\/2019\/04\/ericsson-400x300.jpg 400w\" sizes=\"auto, (max-width: 600px) 100vw, 600px\" \/><figcaption class=\"wp-element-caption\">Ericsson C52<\/figcaption><\/figure>\n\n\n\n<p>Dessa apparater \u00e4r mycket popul\u00e4ra &amp; har m\u00e5nga smidiga funktioner.<br>Tex. man kan g\u00f6ra radion personlig, genom att ha de knappar, symboler och funktioner man sj\u00e4lv \u00f6nskar. M\u00f6jlighet att ha flera scanner listor f\u00f6r frekvenser mm plus att den scannar snabbt. Det \u00e4r bara lite av allt som man kan g\u00f6ra. Men det kr\u00e4vs ofta specialutrustning f\u00f6r att kunna programmera dem &amp; den utrustningen kostar ibland ganska mycket pengar. Det b\u00f6r man vara medveten om innan man k\u00f6per en begagnad Ericsson radio. <\/p>\n\n\n\n<hr class=\"wp-block-separator has-css-opacity\"\/>\n\n\n\n<p><strong>Motorola<\/strong><br>En gammal Motorola \u00e4r ocks\u00e5 ett alternativ, dom brukar dyka upp p\u00e5 div begagnat sidor.<br>Brukar kosta ca 2000:- beroende p\u00e5 modell. <\/p>\n\n\n\n<figure class=\"wp-block-image size-full is-resized\"><img loading=\"lazy\" decoding=\"async\" width=\"600\" height=\"406\" src=\"http:\/\/mgradio.se\/69\/wordpress\/wp-content\/uploads\/2019\/04\/motorola-gm950n3.jpg\" alt=\"\" class=\"wp-image-96\" style=\"width:260px;height:175px\" srcset=\"http:\/\/mgradio.se\/69\/wordpress\/wp-content\/uploads\/2019\/04\/motorola-gm950n3.jpg 600w, http:\/\/mgradio.se\/69\/wordpress\/wp-content\/uploads\/2019\/04\/motorola-gm950n3-300x203.jpg 300w, http:\/\/mgradio.se\/69\/wordpress\/wp-content\/uploads\/2019\/04\/motorola-gm950n3-443x300.jpg 443w\" sizes=\"auto, (max-width: 600px) 100vw, 600px\" \/><figcaption class=\"wp-element-caption\">Motorola GM950<\/figcaption><\/figure>\n\n\n\n<p>Det finns m\u00e5nga modeller av Motorola, b\u00e5de enkla &amp; mera avancerade.<br>Modellen p\u00e5 bilden heter GM950 N3, som \u00e4r en prisv\u00e4rd &amp; trevlig station.<br>Programmerings utrustning till dessa finns ofta p\u00e5 eBay, brukar kosta mellan 100-200:- med frakt. Att t\u00e4nka p\u00e5 \u00e4r att det ofta kr\u00e4vs en gammal dator f\u00f6r att programmera dessa. Typ Windows XP eller \u00e4ldre. <\/p>\n\n\n\n<hr class=\"wp-block-separator has-css-opacity\"\/>\n\n\n\n<h2 class=\"wp-block-heading\" id=\"antenn\"><strong>Antenner<\/strong><\/h2>\n\n\n\n<hr class=\"wp-block-separator has-css-opacity\"\/>\n\n\n\n<p>Det som \u00e4r s\u00e5 bra med det h\u00e4r bandet j\u00e4mf\u00f6rt med tex 27MHz \u00e4r att antennerna inte \u00e4r s\u00e5 stora.<\/p>\n\n\n\n<h3 class=\"wp-block-heading\">Basantenner<\/h3>\n\n\n\n<p>Dom tv\u00e5 popul\u00e4raste \u201dk\u00f6pe\u201d basantennerna f\u00f6r 69MHz \u00e4r<br>Sirio CX4-68<\/p>\n\n\n\n<figure class=\"wp-block-image size-full\"><img loading=\"lazy\" decoding=\"async\" width=\"119\" height=\"250\" src=\"http:\/\/mgradio.se\/69\/wordpress\/wp-content\/uploads\/2019\/04\/sirio-cx4.jpg\" alt=\"\" class=\"wp-image-97\"\/><\/figure>\n\n\n\n<p>ca 3 meter h\u00f6g.<\/p>\n\n\n\n<hr class=\"wp-block-separator has-css-opacity\"\/>\n\n\n\n<p>Sirio GPA 66-88<\/p>\n\n\n\n<figure class=\"wp-block-image size-full\"><img loading=\"lazy\" decoding=\"async\" width=\"160\" height=\"113\" src=\"http:\/\/mgradio.se\/69\/wordpress\/wp-content\/uploads\/2019\/04\/sirio-gpa66.jpg\" alt=\"\" class=\"wp-image-101\"\/><\/figure>\n\n\n\n<p>ca 1,1 meter h\u00f6g (fr\u00e5n mastr\u00f6ret)<br>+ lika l\u00e5nga jordplan.<\/p>\n\n\n\n<hr class=\"wp-block-separator has-css-opacity\"\/>\n\n\n\n<p>Eller bygg en basantenn!<\/p>\n\n\n\n<p>Om man inte vill k\u00f6pa en dyr basantenn, s\u00e5 g\u00e5r det utm\u00e4rkt att bygga en egen till en billig peng. H\u00e4r finner du en ritning p\u00e5 en Slim Jim basantenn. Den \u00e4r anpassad f\u00f6r 69.1875, allts\u00e5 kanal 8. Jag anv\u00e4nder den sj\u00e4lv och \u00e4r mycket n\u00f6jd med den. J\u00e4mf\u00f6rbar med Sirios CX4. Kostar ca 100:- i material. (k\u00f6pt p\u00e5 Limmared)<\/p>\n\n\n\n<p>Klicka p\u00e5 bilden under, f\u00f6r en ritning.<\/p>\n\n\n\n<figure class=\"wp-block-image is-resized\"><a href=\"http:\/\/mgradio.se\/69\/wordpress\/koprad\/slim-jim69\/\"><img loading=\"lazy\" decoding=\"async\" width=\"907\" height=\"960\" src=\"http:\/\/mgradio.se\/69\/wordpress\/wp-content\/uploads\/2019\/04\/slim-jim69.jpg\" alt=\"Slim-Jim 69MHz\" class=\"wp-image-102\" style=\"width:145px;height:152px\" srcset=\"http:\/\/mgradio.se\/69\/wordpress\/wp-content\/uploads\/2019\/04\/slim-jim69.jpg 907w, http:\/\/mgradio.se\/69\/wordpress\/wp-content\/uploads\/2019\/04\/slim-jim69-283x300.jpg 283w, http:\/\/mgradio.se\/69\/wordpress\/wp-content\/uploads\/2019\/04\/slim-jim69-768x813.jpg 768w, http:\/\/mgradio.se\/69\/wordpress\/wp-content\/uploads\/2019\/04\/slim-jim69-472x500.jpg 472w\" sizes=\"auto, (max-width: 907px) 100vw, 907px\" \/><\/a><\/figure>\n\n\n\n<hr class=\"wp-block-separator has-css-opacity\"\/>\n\n\n\n<h1 class=\"wp-block-heading\">Mobilantenner<\/h1>\n\n\n\n<p>Det h\u00e4r \u00e4r om tv\u00e5 vanligaste &amp; popul\u00e4raste mobilantennerna f\u00f6r 69MHz<\/p>\n\n\n\n<p>L\u00e5ng:<br>1\/4-v\u00e5g, \u00e4r en rak antenn som kapas till r\u00e4tt l\u00e4ngd. (ca 105cm)<\/p>\n\n\n\n<figure class=\"wp-block-image size-full\"><img loading=\"lazy\" decoding=\"async\" width=\"412\" height=\"72\" src=\"http:\/\/mgradio.se\/69\/wordpress\/wp-content\/uploads\/2019\/04\/ant-lang.jpg\" alt=\"\" class=\"wp-image-99\" srcset=\"http:\/\/mgradio.se\/69\/wordpress\/wp-content\/uploads\/2019\/04\/ant-lang.jpg 412w, http:\/\/mgradio.se\/69\/wordpress\/wp-content\/uploads\/2019\/04\/ant-lang-300x52.jpg 300w\" sizes=\"auto, (max-width: 412px) 100vw, 412px\" \/><\/figure>\n\n\n\n<hr class=\"wp-block-separator has-css-opacity\"\/>\n\n\n\n<p>Kort:<br>En f\u00f6rkortad 1\/4-v\u00e5g. Den har en spole &amp; ett justerbart toppspr\u00f6t. l\u00e4ngd ca 50cm<\/p>\n\n\n\n<figure class=\"wp-block-image size-full\"><img loading=\"lazy\" decoding=\"async\" width=\"426\" height=\"38\" src=\"http:\/\/mgradio.se\/69\/wordpress\/wp-content\/uploads\/2019\/04\/ant-kort.jpg\" alt=\"\" class=\"wp-image-98\" srcset=\"http:\/\/mgradio.se\/69\/wordpress\/wp-content\/uploads\/2019\/04\/ant-kort.jpg 426w, http:\/\/mgradio.se\/69\/wordpress\/wp-content\/uploads\/2019\/04\/ant-kort-300x27.jpg 300w\" sizes=\"auto, (max-width: 426px) 100vw, 426px\" \/><\/figure>\n\n\n\n<p>Antenner som tidigare anv\u00e4ndes till polisradion i bilen g\u00e5r utm\u00e4rkt att anv\u00e4nda. Man kan beh\u00f6va byta toppspr\u00f6tet till ett l\u00e4ngre, en cykeleker fungerar fint.<\/p>\n\n\n\n<hr class=\"wp-block-separator has-css-opacity\"\/>\n\n\n\n<h1 class=\"wp-block-heading\" id=\"swr\">SWR m\u00e4tare<\/h1>\n\n\n\n<p>Det \u00e4r \u00e4ven bra att ha en SWR (st\u00e5endev\u00e5g) m\u00e4tare eller antenn analysator f\u00f6r att se att antennen man anv\u00e4nder \u00e4r riktigt inst\u00e4lld. Felaktigt inst\u00e4lld antenn kan skada din radio.<br>Det finns m\u00e5nga olika m\u00e4tare att k\u00f6pa.<\/p>\n\n\n\n<figure class=\"wp-block-image size-full is-resized\"><img loading=\"lazy\" decoding=\"async\" width=\"650\" height=\"576\" src=\"http:\/\/mgradio.se\/69\/wordpress\/wp-content\/uploads\/2019\/04\/rx20.jpg\" alt=\"\" class=\"wp-image-100\" style=\"width:233px;height:206px\" srcset=\"http:\/\/mgradio.se\/69\/wordpress\/wp-content\/uploads\/2019\/04\/rx20.jpg 650w, http:\/\/mgradio.se\/69\/wordpress\/wp-content\/uploads\/2019\/04\/rx20-300x266.jpg 300w, http:\/\/mgradio.se\/69\/wordpress\/wp-content\/uploads\/2019\/04\/rx20-564x500.jpg 564w, http:\/\/mgradio.se\/69\/wordpress\/wp-content\/uploads\/2019\/04\/rx20-339x300.jpg 339w\" sizes=\"auto, (max-width: 650px) 100vw, 650px\" \/><\/figure>\n\n\n\n<p>En som jag tycker \u00e4r prisv\u00e4rd \u00e4r denna. Den s\u00e4ljs under m\u00e5nga namn, men modellen brukar alltid heta RX-20. Den kostar ca 600:-<\/p>\n\n\n\n<hr class=\"wp-block-separator has-css-opacity\"\/>\n\n\n\n<p>Antenner &amp; m\u00e4tare&nbsp;s\u00e4ljs bla. p\u00e5 firmor som s\u00e4ljer amat\u00f6rradio.<br>Kolla deras sidor f\u00f6r mera info.<\/p>\n\n\n<div class=\"printfriendly pf-button  pf-alignleft\">\n                    <a href=\"http:\/\/mgradio.se\/69\/wordpress\/koprad\/?pfstyle=wp\" rel=\"nofollow\" onclick=\"\" title=\"Printer Friendly, PDF & Email\">\n                    <img decoding=\"async\" class=\"pf-button-img\" src=\"https:\/\/cdn.printfriendly.com\/buttons\/printfriendly-pdf-button-nobg-md.png\" alt=\"Print Friendly, PDF & Email\" style=\"width: 124px;height: 30px;\"  \/>\n                    <\/a>\n                <\/div>\n","protected":false},"excerpt":{"rendered":"<p>Vilken radio &amp; antenn kan man anv\u00e4nda till 69MHz? D\u00e5 denna k\u00f6pr\u00e5d sida har n\u00e5gra \u00e5r p\u00e5 nacken, s\u00e5 kan utbudet p\u00e5 radio &amp; antenner skilja en aning mot idag. Men \u00f6verlag s\u00e5 \u00e4r det lika. Den h\u00e4r sidan \u00e4r t\u00e4nkt som tips f\u00f6r nyb\u00f6rjare som vill b\u00f6rja med 69MHz radio.Jag tar bara upp de [&hellip;]<\/p>\n","protected":false},"author":2,"featured_media":0,"parent":0,"menu_order":0,"comment_status":"closed","ping_status":"closed","template":"","meta":{"footnotes":""},"class_list":["post-12","page","type-page","status-publish","hentry"],"_links":{"self":[{"href":"http:\/\/mgradio.se\/69\/wordpress\/wp-json\/wp\/v2\/pages\/12","targetHints":{"allow":["GET"]}}],"collection":[{"href":"http:\/\/mgradio.se\/69\/wordpress\/wp-json\/wp\/v2\/pages"}],"about":[{"href":"http:\/\/mgradio.se\/69\/wordpress\/wp-json\/wp\/v2\/types\/page"}],"author":[{"embeddable":true,"href":"http:\/\/mgradio.se\/69\/wordpress\/wp-json\/wp\/v2\/users\/2"}],"replies":[{"embeddable":true,"href":"http:\/\/mgradio.se\/69\/wordpress\/wp-json\/wp\/v2\/comments?post=12"}],"version-history":[{"count":19,"href":"http:\/\/mgradio.se\/69\/wordpress\/wp-json\/wp\/v2\/pages\/12\/revisions"}],"predecessor-version":[{"id":1729,"href":"http:\/\/mgradio.se\/69\/wordpress\/wp-json\/wp\/v2\/pages\/12\/revisions\/1729"}],"wp:attachment":[{"href":"http:\/\/mgradio.se\/69\/wordpress\/wp-json\/wp\/v2\/media?parent=12"}],"curies":[{"name":"wp","href":"https:\/\/api.w.org\/{rel}","templated":true}]}}