{"id":10,"date":"2019-04-11T12:11:23","date_gmt":"2019-04-11T10:11:23","guid":{"rendered":"http:\/\/localhost:8080\/sida\/wordpress\/?page_id=10"},"modified":"2021-05-20T16:00:26","modified_gmt":"2021-05-20T14:00:26","slug":"anrop-ccir","status":"publish","type":"page","link":"http:\/\/mgradio.se\/69\/wordpress\/anrop-ccir\/","title":{"rendered":"Anrop &#038; ccir"},"content":{"rendered":"\n<h2 class=\"wp-block-heading\"><strong>Vilket stationsnamn ska jag v\u00e4lja?<\/strong> <\/h2>\n\n\n\n<p>Det best\u00e4mmer du helt sj\u00e4lv.<br>Vissa k\u00f6r med samma stationsnamn som dom har p\u00e5 tex. 27MHz<br>Andra anv\u00e4nder sitt ccir nummer, eller en mix av b\u00e4gge, sitt namn eller n\u00e5tt annat. Som sagt DU best\u00e4mmer . <\/p>\n\n\n\n<hr class=\"wp-block-separator\"\/>\n\n\n\n<h2 class=\"wp-block-heading\">Vad \u00e4r CCIR?<\/h2>\n\n\n\n<p>Om du lyssnat p\u00e5 polisradio, s\u00e5 \u00e4r det dessa toner som brukade h\u00f6ras d\u00e4r.<br>CCIR \u00e4r ett identifierings s\u00e4tt f\u00f6r radio. Som g\u00f6r att man kan anropa varandra genom att skicka ett specifikt nummer. Om motstation h\u00f6r, s\u00e5 svarar dennes radio med en ton. Du vet att motstationen har sin radio ig\u00e5ng &amp; att du \u00e4r inom mottagningsomr\u00e5de. Sen beroende p\u00e5 om du skickar 5 eller 11-ton s\u00e5 kan motstationen se att den blivit anropad. <\/p>\n\n\n\n<hr class=\"wp-block-separator\"\/>\n\n\n\n<h2 class=\"wp-block-heading\"><strong>Vilket CCIR ska jag v\u00e4lja?<\/strong> <\/h2>\n\n\n\n<p>Det finns ingen som best\u00e4mmer vilket nummer du ska v\u00e4lja eller f\u00e5r anv\u00e4nda. De flesta st\u00e4der\/byar har hittat p\u00e5 egna nummersystem. tex vissa k\u00f6r med postnummer, vissa k\u00f6r rakel zon, andra har tagit n\u00e5tt som l\u00e5ter bra\u2026. Postnummer kan bli krock ifall man \u00e4r flera i ett omr\u00e5de. Det vore kul om alla anv\u00e4nde samma stil, men det kommer aldrig att h\u00e4nda. <\/p>\n\n\n\n<p>H\u00e4r i Dalarna \u00e4r vi m\u00e5nga som anv\u00e4nder rakel zon stilen, samma nummrering som r\u00e4ddningstj\u00e4nsten anv\u00e4nder.<\/p>\n\n\n\n<p>H\u00e4r under f\u00f6rklarar jag hur den stilen \u00e4r uppbyggd..<br><br>Ett ccir nummer best\u00e5r av 5 siffror. dom 2 f\u00f6rsta talar om vilket l\u00e4n du tillh\u00f6r, siffra 3 vilken stad &amp; dom 2 sista \u00e4r by eller l\u00f6pnummer.<\/p>\n\n\n\n<p>Rakel zon&nbsp;<strong>XX&nbsp;Y ZZ<\/strong><\/p>\n\n\n\n<p><strong>XX<\/strong>\u2013 Rakelzon, tex&nbsp;11 Norrbotten, 25 Dalarna, 31 Stockholm City, osv.<br><strong>Y<\/strong>\u2013 Kommun,&nbsp;tex. 1 Borl\u00e4nge, 2 Falun, 3 Mora, 4 Ludvika, 5 Avesta, 6,&nbsp; osv.<br><strong>ZZ<\/strong>\u2013 L\u00f6pnummer 01-99 personer, 00 brukar anv\u00e4ndas i olika gruppanrop.<\/p>\n\n\n\n<p>Enligt ovan kan en tex. en station i Avesta ha ccir\u00a0<strong>25505<\/strong>, men sedan kan man kalla sig n\u00e5got helt annat. Tex Dalah\u00e4sten. Flera exempel, se l\u00e4ngre ner..<\/p>\n\n\n\n<p class=\"has-black-color has-text-color\">H\u00e4r i Dalarna \u00e4r vi flera som b\u00f6rjat anv\u00e4nda nummerserien 29xxx p\u00e5 b\u00e4rbara enheter.<br>Smidigt om man vill ha samma nummer (dom 3 sista) \u00e4ven p\u00e5 b\u00e4rbar, som man har p\u00e5 bil\/basen, men \u00e4nd\u00e5 ha ett eget ccir. 29xxx tillh\u00f6r inte n\u00e5got l\u00e4n.<\/p>\n\n\n\n<p>Skulle det mot f\u00f6rmodan bli fullt enligt ovan, s\u00e5 har varje rakelzon regionsgemensamma nummer &amp; lediga nummer.&nbsp;D\u00e5 kan man hoppa p\u00e5 ett s\u00e5dant, se MSBs dokument f\u00f6r mera info.<a href=\"https:\/\/www.msb.se\/siteassets\/dokument\/verktyg-och-tjanster\/rakel\/stod-for-sambandsplanering\/rakelregioner-rakelzoner-och-kommunomraden.pdf\">&nbsp;l\u00e4nk h\u00e4r<\/a> (l\u00e4nk fixad 14\/8-19)<\/p>\n\n\n\n<p>Smidigt med detta system \u00e4r att \u00e4ven f\u00f6rsta siffran har en betydelse. Den talar inte bara om vilket l\u00e4n utan \u00e4ven vilken region i landet man tillh\u00f6r. Sverige \u00e4r uppdelat p\u00e5 6 regioner. 1 Nord, 2 Mitt, 3 Stockholm, 4 \u00d6st, 5 V\u00e4st &amp; 6 Syd.<\/p>\n\n\n\n<p>Det som sagt upp till var och en att v\u00e4lja ccir nummer, det h\u00e4r \u00e4r ett s\u00e4tt. Och det vore givetvis kul om flera k\u00f6r samma stil. S\u00e5 slipper det bli nummer krock, om flera har samma nummer.<\/p>\n\n\n\n<p class=\"has-background\" style=\"background-color:#d7ecf9\">Om du bor i Dalarna och vill ha hj\u00e4lp att v\u00e4lja ett ccir\/anrops nummer som inte redan \u00e4r taget. Tveka inta att kontakta oss, s\u00e5 hj\u00e4lper vi dig. <\/p>\n\n\n\n<hr class=\"wp-block-separator\"\/>\n\n\n\n<p>Flera exempel p\u00e5 nummer.<\/p>\n\n\n<h2 id=\"tablepress-3-name\" class=\"tablepress-table-name tablepress-table-name-id-3\">Exempel p\u00e5 ccir nummer enligt \"rakelzon\" stilen<\/h2>\n\n<table id=\"tablepress-3\" class=\"tablepress tablepress-id-3\" aria-labelledby=\"tablepress-3-name\">\n<thead>\n<tr class=\"row-1\">\n\t<th class=\"column-1\">Rakelzon<\/th><th class=\"column-2\">Stad<\/th>\n<\/tr>\n<\/thead>\n<tbody class=\"row-striping row-hover\">\n<tr class=\"row-2\">\n\t<td class=\"column-1\">21 Uppsala<\/td><td class=\"column-2\"><\/td>\n<\/tr>\n<tr class=\"row-3\">\n\t<td class=\"column-1\">21 1xx<\/td><td class=\"column-2\">Uppsala<\/td>\n<\/tr>\n<tr class=\"row-4\">\n\t<td class=\"column-1\">21 2xx<\/td><td class=\"column-2\">Enk\u00f6ping<\/td>\n<\/tr>\n<tr class=\"row-5\">\n\t<td class=\"column-1\"><\/td><td class=\"column-2\"><\/td>\n<\/tr>\n<tr class=\"row-6\">\n\t<td class=\"column-1\">22 V\u00e4rmland<\/td><td class=\"column-2\"><\/td>\n<\/tr>\n<tr class=\"row-7\">\n\t<td class=\"column-1\">22 1xx<\/td><td class=\"column-2\">Karlstad<\/td>\n<\/tr>\n<tr class=\"row-8\">\n\t<td class=\"column-1\">22 2xx<\/td><td class=\"column-2\">Grums<\/td>\n<\/tr>\n<tr class=\"row-9\">\n\t<td class=\"column-1\"><\/td><td class=\"column-2\"><\/td>\n<\/tr>\n<tr class=\"row-10\">\n\t<td class=\"column-1\">23 \u00d6rebro<\/td><td class=\"column-2\"><\/td>\n<\/tr>\n<tr class=\"row-11\">\n\t<td class=\"column-1\">23 1xx<\/td><td class=\"column-2\">\u00d6rebro<\/td>\n<\/tr>\n<tr class=\"row-12\">\n\t<td class=\"column-1\">23 2xx<\/td><td class=\"column-2\">Degerfors<\/td>\n<\/tr>\n<tr class=\"row-13\">\n\t<td class=\"column-1\"><\/td><td class=\"column-2\"><\/td>\n<\/tr>\n<tr class=\"row-14\">\n\t<td class=\"column-1\">24 V\u00e4stmanland<\/td><td class=\"column-2\"><\/td>\n<\/tr>\n<tr class=\"row-15\">\n\t<td class=\"column-1\">24 1xx<\/td><td class=\"column-2\">V\u00e4ster\u00e5s<\/td>\n<\/tr>\n<tr class=\"row-16\">\n\t<td class=\"column-1\">24 2xx<\/td><td class=\"column-2\">K\u00f6ping<\/td>\n<\/tr>\n<tr class=\"row-17\">\n\t<td class=\"column-1\"><\/td><td class=\"column-2\"><\/td>\n<\/tr>\n<tr class=\"row-18\">\n\t<td class=\"column-1\">25 Dalarna<\/td><td class=\"column-2\"><\/td>\n<\/tr>\n<tr class=\"row-19\">\n\t<td class=\"column-1\">25 1xx<\/td><td class=\"column-2\">Borl\u00e4nge<\/td>\n<\/tr>\n<tr class=\"row-20\">\n\t<td class=\"column-1\">25 2xx<\/td><td class=\"column-2\">Falun<\/td>\n<\/tr>\n<tr class=\"row-21\">\n\t<td class=\"column-1\">25 3xx<\/td><td class=\"column-2\">Mora<\/td>\n<\/tr>\n<tr class=\"row-22\">\n\t<td class=\"column-1\">25 4xx<\/td><td class=\"column-2\">Ludvika<\/td>\n<\/tr>\n<tr class=\"row-23\">\n\t<td class=\"column-1\"><\/td><td class=\"column-2\"><\/td>\n<\/tr>\n<tr class=\"row-24\">\n\t<td class=\"column-1\">26 G\u00e4vleborg<\/td><td class=\"column-2\"><\/td>\n<\/tr>\n<tr class=\"row-25\">\n\t<td class=\"column-1\">26 1xx<\/td><td class=\"column-2\">G\u00e4vle<\/td>\n<\/tr>\n<tr class=\"row-26\">\n\t<td class=\"column-1\">26 2xx <\/td><td class=\"column-2\">Sandviken<\/td>\n<\/tr>\n<\/tbody>\n<\/table>\n<!-- #tablepress-3 from cache -->\n\n\n\n<p class=\"has-medium-font-size\"><strong>Obs endast vissa st\u00e4der \u00e4r listade, kolla <a href=\"https:\/\/www.msb.se\/siteassets\/dokument\/verktyg-och-tjanster\/rakel\/stod-for-sambandsplanering\/rakelregioner-rakelzoner-och-kommunomraden.pdf\">MSB<\/a>s dokumment f\u00f6r fullst\u00e4ndig lista.<\/strong><\/p>\n\n\n<div class=\"printfriendly pf-button  pf-alignleft\">\n                    <a href=\"http:\/\/mgradio.se\/69\/wordpress\/anrop-ccir\/?pfstyle=wp\" rel=\"nofollow\" onclick=\"\" title=\"Printer Friendly, PDF & Email\">\n                    <img decoding=\"async\" class=\"pf-button-img\" src=\"https:\/\/cdn.printfriendly.com\/buttons\/printfriendly-pdf-button-nobg-md.png\" alt=\"Print Friendly, PDF & Email\" style=\"width: 124px;height: 30px;\"  \/>\n                    <\/a>\n                <\/div>\n","protected":false},"excerpt":{"rendered":"<p>Vilket stationsnamn ska jag v\u00e4lja? Det best\u00e4mmer du helt sj\u00e4lv.Vissa k\u00f6r med samma stationsnamn som dom har p\u00e5 tex. 27MHzAndra anv\u00e4nder sitt ccir nummer, eller en mix av b\u00e4gge, sitt namn eller n\u00e5tt annat. Som sagt DU best\u00e4mmer . Vad \u00e4r CCIR? Om du lyssnat p\u00e5 polisradio, s\u00e5 \u00e4r det dessa toner som brukade h\u00f6ras [&hellip;]<\/p>\n","protected":false},"author":2,"featured_media":0,"parent":0,"menu_order":0,"comment_status":"closed","ping_status":"closed","template":"","meta":{"footnotes":""},"class_list":["post-10","page","type-page","status-publish","hentry"],"_links":{"self":[{"href":"http:\/\/mgradio.se\/69\/wordpress\/wp-json\/wp\/v2\/pages\/10","targetHints":{"allow":["GET"]}}],"collection":[{"href":"http:\/\/mgradio.se\/69\/wordpress\/wp-json\/wp\/v2\/pages"}],"about":[{"href":"http:\/\/mgradio.se\/69\/wordpress\/wp-json\/wp\/v2\/types\/page"}],"author":[{"embeddable":true,"href":"http:\/\/mgradio.se\/69\/wordpress\/wp-json\/wp\/v2\/users\/2"}],"replies":[{"embeddable":true,"href":"http:\/\/mgradio.se\/69\/wordpress\/wp-json\/wp\/v2\/comments?post=10"}],"version-history":[{"count":17,"href":"http:\/\/mgradio.se\/69\/wordpress\/wp-json\/wp\/v2\/pages\/10\/revisions"}],"predecessor-version":[{"id":1005,"href":"http:\/\/mgradio.se\/69\/wordpress\/wp-json\/wp\/v2\/pages\/10\/revisions\/1005"}],"wp:attachment":[{"href":"http:\/\/mgradio.se\/69\/wordpress\/wp-json\/wp\/v2\/media?parent=10"}],"curies":[{"name":"wp","href":"https:\/\/api.w.org\/{rel}","templated":true}]}}